{"id":114,"date":"2022-10-24T18:22:21","date_gmt":"2022-10-24T17:22:21","guid":{"rendered":"http:\/\/besudesuabroad.com\/gratis-anslutningar-inga-betalningar\/"},"modified":"2022-11-28T12:29:39","modified_gmt":"2022-11-28T12:29:39","slug":"gratis-anslutningar-inga-betalningar","status":"publish","type":"page","link":"https:\/\/besudesuabroad.com\/sv\/","title":{"rendered":"Gratis anslutningar Inga betalningar"},"content":{"rendered":"<h2>Gratis dejtingsajter Ingen registrering<\/h2>\n<p>Om du letar efter en gratis dejtingsajt som erbjuder p\u00e5litlig service och ansluter dig till ensamst\u00e5ende som bor i ditt omr\u00e5de, b\u00f6r du definitivt kolla in Gratis anslutningar Inga betalningar. Denna dejtingsajt \u00e4r 100% gratis, och det \u00e4r en av de b\u00e4sta webbplatserna d\u00e4r ute f\u00f6r singlar som letar efter avslappnade anslutningar. Du beh\u00f6ver inte oroa dig f\u00f6r att bli <a href=\"http:\/\/www.deittisovellus.net\/suomi-seksi\/\">suomi seksi<\/a> lurad p\u00e5 den h\u00e4r webbplatsen, eftersom den \u00e4r helt gratis och det inte finns n\u00e5gra dolda avgifter.<\/p>\n<p>Dessutom kan du chatta med andra singlar p\u00e5 webbplatsen utan att beh\u00f6va betala n\u00e5got. S\u00e5 om du letar efter en gratis dejtingsajt som inte kr\u00e4ver kreditkort eller betalning, \u00e4r Free Hookups No Payments definitivt webbplatsen f\u00f6r dig.<\/p>\n<h2>Gratis anslutningar Inga betalningar<\/h2>\n<p>Hookup-appar \u00e4r den nya eran av dejting d\u00e4r du kan hitta n\u00e5gon f\u00f6r ett avslappnat m\u00f6te utan n\u00e5gra str\u00e4ngar.  <\/p>\n<p>Det b\u00e4sta med anslutningsappar \u00e4r att du kan anv\u00e4nda dem gratis <a href=\"http:\/\/www.anonymous-sex-chat.com\/sv\/\">sex och chatt<\/a>. Du beh\u00f6ver inte ange din kreditkortsinformation eller n\u00e5got liknande. Ladda bara ner appen och b\u00f6rja svepa.<\/p>\n<p>Det finns m\u00e5nga olika anslutningsappar d\u00e4r ute, men inte alla \u00e4r bra. Vi har testat alla de viktigaste och sammanst\u00e4llt v\u00e5ra resultat h\u00e4r.  <\/p>\n<p>H\u00e4r \u00e4r v\u00e5ra b\u00e4sta val f\u00f6r de b\u00e4sta gratis anslutningsapparna just nu:  <\/p>\n<p>1) Tinder: Tinder \u00e4r en av de mest popul\u00e4ra anslutningsapparna d\u00e4r ute.<\/p>\n<p>Det \u00e4r l\u00e4tt att anv\u00e4nda och du kan b\u00f6rja chatta med m\u00e4nniskor p\u00e5 bara n\u00e5gra minuter.  <\/p>\n<p>2) Grindr: Grindr \u00e4r en gay dejtingapp som har funnits i flera \u00e5r.<\/p>\n<p>Den har en enorm anv\u00e4ndarbas och du kan hitta n\u00e5gon att ansluta till med bara n\u00e5gra f\u00e5 klick.  <\/p>\n<p>3) Bumble: Bumble \u00e4r en dejtingapp som s\u00e4tter kvinnor i kontroll.<\/p>\n<p>Om du vill chatta med kvinnor \u00e4r det h\u00e4r appen f\u00f6r dig.<\/p>\n<h2>Anslutningssidor Inget kreditkort<\/h2>\n<p>Det finns ett antal anslutningssidor som inte kr\u00e4ver betalnings eller kreditkortsinformation <a href=\"https:\/\/wank.io\/fi\/kiiroo-keon-seksikone\/\">seksikoneet<\/a>. Dessa webbplatser l\u00e5ter dig hitta m\u00e4nniskor att ansluta till utan att beh\u00f6va oroa dig f\u00f6r att bli lurad. De kr\u00e4ver inte heller att du anger n\u00e5gon finansiell information, s\u00e5 du kan vara s\u00e4ker p\u00e5 att din identitet och personliga information kommer att f\u00f6rbli s\u00e4ker.<\/p>\n<h3>Ashley Madison<\/h3>\n<p>Vi tycker att Ashley Madison \u00e4r en bra dejtingsapp f\u00f6r &#8221;gratis anslutningar inga betalningar&#8221;. Det \u00e4r ett bra s\u00e4tt att tr\u00e4ffa nya m\u00e4nniskor och ha kul.<\/p>\n<p>Vi tycker ocks\u00e5 att det \u00e4r ett bra s\u00e4tt att hitta avslappnade sexpartners. Vi rekommenderar att alla anv\u00e4ndare av Ashley Madison \u00e4r f\u00f6rsiktiga och \u00e4r s\u00e4kra n\u00e4r de tr\u00e4ffar nya m\u00e4nniskor.<\/p>\n<h3>Tillsammans2Night<\/h3>\n<p>Together2Night \u00e4r en fantastisk online dating app f\u00f6r att hitta gratis anslutningar und <a href=\"https:\/\/www.matchmaker-sites.com\/sv\/hitta-lokala-milfs\/\">k\u00e5ta milfs<\/a> utan betalningar. Appen har ett mycket anv\u00e4ndarv\u00e4nligt gr\u00e4nssnitt och g\u00f6r det enkelt att hitta m\u00e4nniskor i ditt omr\u00e5de som letar efter samma sak som du. Jag hade en fantastisk upplevelse med att anv\u00e4nda appen och skulle definitivt rekommendera den till alla som letar efter en anslutning utan str\u00e4ngar.<\/p>\n<h3>Lovoo<\/h3>\n<p>Vi tror att Lovoo \u00e4r en bra webbplats f\u00f6r att hitta gratis anslutningar utan att beh\u00f6va g\u00f6ra n\u00e5gra betalningar. Webbplatsen \u00e4r enkel att anv\u00e4nda och har m\u00e5nga anv\u00e4ndare, vilket g\u00f6r det till ett bra st\u00e4lle att hitta n\u00e5gon att ansluta sig till.<\/p>\n<p>Vi gillar ocks\u00e5 det faktum att det inte finns n\u00e5gra avgifter f\u00f6r att anv\u00e4nda webbplatsen &#8211; du kan helt enkelt registrera dig och b\u00f6rja leta efter n\u00e5gon att dejta eller ansluta dig till. Vi tycker att Lovoo \u00e4r ett utm\u00e4rkt alternativ f\u00f6r dem som letar efter avslappnad dejting eller anslutningar, och vi skulle definitivt rekommendera det till alla som letar efter en typ av relation utan str\u00e4ngar.<\/p>\n<h3>BoneAMilf<\/h3>\n<p>BoneAMilf \u00e4r en bra online dating app f\u00f6r att hitta gratis anslutningar utan betalningar. Appen \u00e4r enkel att anv\u00e4nda och har m\u00e5nga medlemmar, vilket g\u00f6r den till ett utm\u00e4rkt val f\u00f6r dem som letar efter avslappnade anslutningar. Appen \u00e4r ocks\u00e5 helt gratis att anv\u00e4nda, vilket g\u00f6r den till ett utm\u00e4rkt val f\u00f6r dem som har en budget.<\/p>\n<p><script type=\"application\/ld+json\">{\"@context\":\"https:\/\/schema.org\",\"@type\":\"FAQPage\",\"mainEntity\":[{\"@type\":\"Question\",\"name\":\"What are the benefits of free hookups without payments?\",\"acceptedAnswer\":{\"@type\":\"Answer\",\"text\":\"The benefits of free hookups without payments are pretty clear: you get to have sex without spending any money. But there are a few other benefits worth mentioning, too. Free hookups make it easy to find someone to have sex with \\u2013 you don't have to go through the hassle of trying to find someone who's interested in a serious relationship. Free hookups can help you explore your sexuality and try new things \\u2013 if you're not sure what you like in bed, free hookups can help you figure it out. Free hookups can be a great way to meet new people and make new friends.\"}},{\"@type\":\"Question\",\"name\":\"What are the drawbacks of free hookups without payments?\",\"acceptedAnswer\":{\"@type\":\"Answer\",\"text\":\"The obvious drawback of free hookups without payments is that you don't get anything in return. But there are other potential issues as well. The quality of the hookups may not be very good, since people who are looking for free hookups are typically not as choosy. There's a higher risk of getting scammed or meeting someone who's not really interested in a sexual relationship. So if you're looking for a no-strings-attached fling, free hookups without payments may be the way to go - but be prepared for some disappointment.\"}}]}<\/script><\/p>\n<h4>Vilka \u00e4r f\u00f6rdelarna med gratis anslutningar utan betalningar?<\/h4>\n<p>F\u00f6rdelarna med gratis anslutningar utan betalningar \u00e4r ganska tydliga: du f\u00e5r ha sex utan att spendera n\u00e5gra pengar. Men det finns n\u00e5gra andra f\u00f6rdelar som \u00e4r v\u00e4rda att n\u00e4mna ocks\u00e5. Gratis anslutningar g\u00f6r det enkelt att hitta n\u00e5gon att ha sexfria anslutningschattwebbplatser med &#8211; du beh\u00f6ver inte g\u00e5 igenom besv\u00e4ret med att f\u00f6rs\u00f6ka hitta n\u00e5gon som \u00e4r intresserad av ett seri\u00f6st f\u00f6rh\u00e5llande. Gratis anslutningar kan hj\u00e4lpa dig att utforska din sexualitet och prova nya saker &#8211; om du inte \u00e4r s\u00e4ker p\u00e5 vad du gillar i s\u00e4ngen kan gratis anslutningar hj\u00e4lpa dig att r\u00e4kna ut det. Gratis anslutningar kan vara ett bra s\u00e4tt att tr\u00e4ffa nya m\u00e4nniskor och f\u00e5 nya v\u00e4nner.<\/p>\n<h4>Vilka \u00e4r nackdelarna med gratis anslutningar utan betalningar?<\/h4>\n<p>Den uppenbara nackdelen med gratis anslutningar utan betalningar \u00e4r att du inte f\u00e5r n\u00e5got i geng\u00e4ld. Men det finns ocks\u00e5 andra potentiella problem. Kvaliteten p\u00e5 anslutningarna kanske inte \u00e4r s\u00e4rskilt bra, eftersom m\u00e4nniskor som letar efter gratis anslutningar vanligtvis inte \u00e4r lika kr\u00e4sna. Det finns en h\u00f6gre risk att bli lurad eller tr\u00e4ffa n\u00e5gon som egentligen inte \u00e4r intresserad av en sexuell relation. S\u00e5 om du letar efter en fling utan str\u00e4ngar kan gratis anslutningar utan betalningar vara v\u00e4gen att g\u00e5 &#8211; men var beredd p\u00e5 lite besvikelse.<\/p>\n","protected":false},"excerpt":{"rendered":"<p>Gratis dejtingsajter Ingen registrering Om du letar efter en gratis dejtingsajt som erbjuder p\u00e5litlig service och ansluter dig till ensamst\u00e5ende som bor i ditt omr\u00e5de, b\u00f6r du definitivt kolla in<\/p>\n<div class=\"read-more\"><a class=\"theme-btn\" href=\"https:\/\/besudesuabroad.com\/sv\/\" >READ MORE<\/a><\/div>\n","protected":false},"author":1,"featured_media":100,"parent":0,"menu_order":0,"comment_status":"closed","ping_status":"closed","template":"","meta":[],"yoast_head":"<!-- This site is optimized with the Yoast SEO plugin v17.7.1 - https:\/\/yoast.com\/wordpress\/plugins\/seo\/ -->\n<title>Gratis anslutningar Inga betalningar - Abroad Dating Hookups<\/title>\n<meta name=\"robots\" content=\"index, follow, max-snippet:-1, max-image-preview:large, max-video-preview:-1\" \/>\n<link rel=\"canonical\" href=\"https:\/\/besudesuabroad.com\/sv\/\" \/>\n<meta property=\"og:locale\" content=\"sv_SE\" \/>\n<meta property=\"og:type\" content=\"article\" \/>\n<meta property=\"og:title\" content=\"Gratis anslutningar Inga betalningar - Abroad Dating Hookups\" \/>\n<meta property=\"og:description\" content=\"Gratis dejtingsajter Ingen registrering Om du letar efter en gratis dejtingsajt som erbjuder p\u00e5litlig service och ansluter dig till ensamst\u00e5ende som bor i ditt omr\u00e5de, b\u00f6r du definitivt kolla inREAD MORE\" \/>\n<meta property=\"og:url\" content=\"https:\/\/besudesuabroad.com\/sv\/\" \/>\n<meta property=\"og:site_name\" content=\"Abroad Dating Hookups\" \/>\n<meta property=\"article:modified_time\" content=\"2022-11-28T12:29:39+00:00\" \/>\n<meta property=\"og:image\" content=\"http:\/\/besudesuabroad.com\/wp-content\/uploads\/2022\/10\/sex-guide.jpeg\" \/>\n\t<meta property=\"og:image:width\" content=\"2250\" \/>\n\t<meta property=\"og:image:height\" content=\"1500\" \/>\n<meta name=\"twitter:card\" content=\"summary_large_image\" \/>\n<meta name=\"twitter:label1\" content=\"Ber\u00e4knad l\u00e4stid\" \/>\n\t<meta name=\"twitter:data1\" content=\"5 minuter\" \/>\n<script type=\"application\/ld+json\" class=\"yoast-schema-graph\">{\"@context\":\"https:\/\/schema.org\",\"@graph\":[{\"@type\":\"WebSite\",\"@id\":\"https:\/\/besudesuabroad.com\/sv\/#website\",\"url\":\"https:\/\/besudesuabroad.com\/sv\/\",\"name\":\"Abroad Dating Hookups\",\"description\":\"Adult Sex Finder\",\"potentialAction\":[{\"@type\":\"SearchAction\",\"target\":{\"@type\":\"EntryPoint\",\"urlTemplate\":\"https:\/\/besudesuabroad.com\/sv\/?s={search_term_string}\"},\"query-input\":\"required name=search_term_string\"}],\"inLanguage\":\"sv-SE\"},{\"@type\":\"ImageObject\",\"@id\":\"https:\/\/besudesuabroad.com\/sv\/#primaryimage\",\"inLanguage\":\"sv-SE\",\"url\":\"https:\/\/besudesuabroad.com\/wp-content\/uploads\/2022\/10\/sex-guide.jpeg\",\"contentUrl\":\"https:\/\/besudesuabroad.com\/wp-content\/uploads\/2022\/10\/sex-guide.jpeg\",\"width\":2250,\"height\":1500},{\"@type\":\"WebPage\",\"@id\":\"https:\/\/besudesuabroad.com\/sv\/#webpage\",\"url\":\"https:\/\/besudesuabroad.com\/sv\/\",\"name\":\"Gratis anslutningar Inga betalningar - Abroad Dating Hookups\",\"isPartOf\":{\"@id\":\"https:\/\/besudesuabroad.com\/sv\/#website\"},\"primaryImageOfPage\":{\"@id\":\"https:\/\/besudesuabroad.com\/sv\/#primaryimage\"},\"datePublished\":\"2022-10-24T17:22:21+00:00\",\"dateModified\":\"2022-11-28T12:29:39+00:00\",\"breadcrumb\":{\"@id\":\"https:\/\/besudesuabroad.com\/sv\/#breadcrumb\"},\"inLanguage\":\"sv-SE\",\"potentialAction\":[{\"@type\":\"ReadAction\",\"target\":[\"https:\/\/besudesuabroad.com\/sv\/\"]}]},{\"@type\":\"BreadcrumbList\",\"@id\":\"https:\/\/besudesuabroad.com\/sv\/#breadcrumb\",\"itemListElement\":[{\"@type\":\"ListItem\",\"position\":1,\"name\":\"Home\",\"item\":\"http:\/\/besudesuabroad.com\/sv\/\"},{\"@type\":\"ListItem\",\"position\":2,\"name\":\"Gratis anslutningar Inga betalningar\"}]}]}<\/script>\n<!-- \/ Yoast SEO plugin. -->","yoast_head_json":{"title":"Gratis anslutningar Inga betalningar - Abroad Dating Hookups","robots":{"index":"index","follow":"follow","max-snippet":"max-snippet:-1","max-image-preview":"max-image-preview:large","max-video-preview":"max-video-preview:-1"},"canonical":"https:\/\/besudesuabroad.com\/sv\/","og_locale":"sv_SE","og_type":"article","og_title":"Gratis anslutningar Inga betalningar - Abroad Dating Hookups","og_description":"Gratis dejtingsajter Ingen registrering Om du letar efter en gratis dejtingsajt som erbjuder p\u00e5litlig service och ansluter dig till ensamst\u00e5ende som bor i ditt omr\u00e5de, b\u00f6r du definitivt kolla inREAD MORE","og_url":"https:\/\/besudesuabroad.com\/sv\/","og_site_name":"Abroad Dating Hookups","article_modified_time":"2022-11-28T12:29:39+00:00","og_image":[{"width":2250,"height":1500,"url":"http:\/\/besudesuabroad.com\/wp-content\/uploads\/2022\/10\/sex-guide.jpeg","type":"image\/jpeg"}],"twitter_card":"summary_large_image","twitter_misc":{"Ber\u00e4knad l\u00e4stid":"5 minuter"},"schema":{"@context":"https:\/\/schema.org","@graph":[{"@type":"WebSite","@id":"https:\/\/besudesuabroad.com\/sv\/#website","url":"https:\/\/besudesuabroad.com\/sv\/","name":"Abroad Dating Hookups","description":"Adult Sex Finder","potentialAction":[{"@type":"SearchAction","target":{"@type":"EntryPoint","urlTemplate":"https:\/\/besudesuabroad.com\/sv\/?s={search_term_string}"},"query-input":"required name=search_term_string"}],"inLanguage":"sv-SE"},{"@type":"ImageObject","@id":"https:\/\/besudesuabroad.com\/sv\/#primaryimage","inLanguage":"sv-SE","url":"https:\/\/besudesuabroad.com\/wp-content\/uploads\/2022\/10\/sex-guide.jpeg","contentUrl":"https:\/\/besudesuabroad.com\/wp-content\/uploads\/2022\/10\/sex-guide.jpeg","width":2250,"height":1500},{"@type":"WebPage","@id":"https:\/\/besudesuabroad.com\/sv\/#webpage","url":"https:\/\/besudesuabroad.com\/sv\/","name":"Gratis anslutningar Inga betalningar - Abroad Dating Hookups","isPartOf":{"@id":"https:\/\/besudesuabroad.com\/sv\/#website"},"primaryImageOfPage":{"@id":"https:\/\/besudesuabroad.com\/sv\/#primaryimage"},"datePublished":"2022-10-24T17:22:21+00:00","dateModified":"2022-11-28T12:29:39+00:00","breadcrumb":{"@id":"https:\/\/besudesuabroad.com\/sv\/#breadcrumb"},"inLanguage":"sv-SE","potentialAction":[{"@type":"ReadAction","target":["https:\/\/besudesuabroad.com\/sv\/"]}]},{"@type":"BreadcrumbList","@id":"https:\/\/besudesuabroad.com\/sv\/#breadcrumb","itemListElement":[{"@type":"ListItem","position":1,"name":"Home","item":"http:\/\/besudesuabroad.com\/sv\/"},{"@type":"ListItem","position":2,"name":"Gratis anslutningar Inga betalningar"}]}]}},"_links":{"self":[{"href":"https:\/\/besudesuabroad.com\/sv\/wp-json\/wp\/v2\/pages\/114"}],"collection":[{"href":"https:\/\/besudesuabroad.com\/sv\/wp-json\/wp\/v2\/pages"}],"about":[{"href":"https:\/\/besudesuabroad.com\/sv\/wp-json\/wp\/v2\/types\/page"}],"author":[{"embeddable":true,"href":"https:\/\/besudesuabroad.com\/sv\/wp-json\/wp\/v2\/users\/1"}],"replies":[{"embeddable":true,"href":"https:\/\/besudesuabroad.com\/sv\/wp-json\/wp\/v2\/comments?post=114"}],"version-history":[{"count":1,"href":"https:\/\/besudesuabroad.com\/sv\/wp-json\/wp\/v2\/pages\/114\/revisions"}],"predecessor-version":[{"id":258,"href":"https:\/\/besudesuabroad.com\/sv\/wp-json\/wp\/v2\/pages\/114\/revisions\/258"}],"wp:featuredmedia":[{"embeddable":true,"href":"https:\/\/besudesuabroad.com\/sv\/wp-json\/wp\/v2\/media\/100"}],"wp:attachment":[{"href":"https:\/\/besudesuabroad.com\/sv\/wp-json\/wp\/v2\/media?parent=114"}],"curies":[{"name":"wp","href":"https:\/\/api.w.org\/{rel}","templated":true}]}}