{"id":119,"date":"2022-10-24T18:22:21","date_gmt":"2022-10-24T17:22:21","guid":{"rendered":"http:\/\/besudesuabroad.com\/hookups-gratis-sem-pagamentos\/"},"modified":"2022-10-24T18:22:21","modified_gmt":"2022-10-24T17:22:21","slug":"hookups-gratis-sem-pagamentos","status":"publish","type":"page","link":"https:\/\/besudesuabroad.com\/pt-pt\/","title":{"rendered":"Hookups gr\u00e1tis sem pagamentos"},"content":{"rendered":"<h2>Sites de encontros gratuitos sem inscri\u00e7\u00e3o<\/h2>\n<p>Se procura um site de encontros gratuito que ofere\u00e7a um servi\u00e7o confi\u00e1vel e o ligue a pessoas solteiras que vivem na sua \u00e1rea, ent\u00e3o voc\u00ea definitivamente deve verificar Gr\u00e1tis Hookups Sem Pagamentos. Este site de encontros \u00e9 100% gratuito, e \u00e9 um dos melhores sites l\u00e1 fora para solteiros que est\u00e3o \u00e0 procura de encontros casuais. N\u00e3o tens de te preocupar em ser enganado neste site, porque \u00e9 totalmente gratuito e n\u00e3o h\u00e1 taxas escondidas.<\/p>\n<p>Al\u00e9m disso, pode conversar com outros singles no site sem ter de pagar nada. Ent\u00e3o, se voc\u00ea est\u00e1 procurando por um site de encontros gratuito que n\u00e3o requer um cart\u00e3o de cr\u00e9dito ou pagamento, ent\u00e3o Gr\u00e1tis Hookups Sem Pagamentos \u00e9 definitivamente o site para voc\u00ea.<\/p>\n<h2>Hookups gr\u00e1tis sem pagamentos<\/h2>\n<p>As aplica\u00e7\u00f5es de hookup s\u00e3o a nova era de namoro onde voc\u00ea pode encontrar algu\u00e9m para um encontro casual sem qualquer compromisso.  <\/p>\n<p>A melhor parte sobre aplica\u00e7\u00f5es de liga\u00e7\u00e3o \u00e9 que voc\u00ea pode us\u00e1-los gratuitamente. N\u00e3o precisa inserir informa\u00e7\u00f5es sobre o seu cart\u00e3o de cr\u00e9dito ou algo assim. Basta baixar a aplica\u00e7\u00e3o e come\u00e7ar a limpar.<\/p>\n<p>Existem muitas aplica\u00e7\u00f5es de liga\u00e7\u00e3o diferentes por a\u00ed, mas nem todas s\u00e3o boas. Test\u00e1mos todos os principais e compil\u00e1mos as nossas descobertas aqui.  <\/p>\n<p>Aqui est\u00e3o as nossas melhores escolhas para as melhores aplica\u00e7\u00f5es de encontros gr\u00e1tis neste momento:  <\/p>\n<p>1) Tinder: O Tinder \u00e9 uma das aplica\u00e7\u00f5es de liga\u00e7\u00e3o mais populares por a\u00ed.<\/p>\n<p>\u00c9 f\u00e1cil de usar e pode come\u00e7ar a conversar com as pessoas em poucos minutos.  <\/p>\n<p>2) Grindr: Grindr \u00e9 uma aplica\u00e7\u00e3o de namoro gay que existe h\u00e1 anos.<\/p>\n<p>Tem uma enorme base de utilizadores e pode encontrar algu\u00e9m com quem se encontrar em apenas alguns cliques.  <\/p>\n<p>3) Bumble: Bumble \u00e9 uma aplica\u00e7\u00e3o de encontros que coloca as mulheres no controlo.<\/p>\n<p>Se quiseres conversar com mulheres, esta \u00e9 a aplica\u00e7\u00e3o para ti.<\/p>\n<h2>Sites de liga\u00e7\u00e3o sem cart\u00e3o de cr\u00e9dito<\/h2>\n<p>H\u00e1 uma s\u00e9rie de sites de liga\u00e7\u00e3o que n\u00e3o requerem informa\u00e7\u00f5es de pagamento ou cart\u00e3o de cr\u00e9dito. Estes sites permitem encontrar pessoas com quem se encontrar sem ter que se preocupar em ser enganado. Tamb\u00e9m n\u00e3o exigem que insira nenhuma informa\u00e7\u00e3o financeira, por isso pode ter a certeza de que a sua identidade e informa\u00e7\u00f5es pessoais permanecer\u00e3o seguras.<\/p>\n<h3>Ashley Madison<\/h3>\n<p>Pensamos que Ashley Madison \u00e9 uma grande aplica\u00e7\u00e3o de encontros para &#8220;liga\u00e7\u00f5es gr\u00e1tis sem pagamentos&#8221;. \u00c9 uma \u00f3tima maneira de conhecer novas pessoas e se divertir.<\/p>\n<p>Tamb\u00e9m achamos que \u00e9 uma \u00f3tima maneira de encontrar parceiros sexuais casuais. Recomendamos que todos os utilizadores de Ashley Madison tenham cuidado e estejam seguros ao conhecer novas pessoas.<\/p>\n<h3>Together2Night<\/h3>\n<p>Together2Night \u00e9 uma \u00f3tima aplica\u00e7\u00e3o de encontros online para encontrar encontros gratuitos sem pagamentos. A aplica\u00e7\u00e3o tem uma interface muito f\u00e1cil de usar e torna f\u00e1cil encontrar pessoas na sua \u00e1rea que procuram o mesmo que voc\u00ea. Tive uma grande experi\u00eancia a usar a app e recomendaria-a a quem procurasse uma liga\u00e7\u00e3o sem compromissos.<\/p>\n<h3>Rio Lovoo<\/h3>\n<p>Acreditamos que Lovoo \u00e9 um \u00f3timo site para encontrar liga\u00e7\u00f5es gratuitas sem ter que fazer quaisquer pagamentos. O site \u00e9 f\u00e1cil de usar e tem muitos utilizadores, o que faz com que seja um \u00f3timo lugar para encontrar algu\u00e9m com quem se encontrar.<\/p>\n<p>Tamb\u00e9m gostamos do facto de n\u00e3o existirem taxas associadas \u00e0 utiliza\u00e7\u00e3o do site \u2013 pode simplesmente inscrever-se e come\u00e7ar a procurar algu\u00e9m para namorar ou se encontrar. Pensamos que Lovoo \u00e9 uma \u00f3tima op\u00e7\u00e3o para aqueles que procuram encontros casuais ou encontros, e n\u00f3s definitivamente recomendar\u00edamos para qualquer um que procura um tipo de relacionamento sem compromissos.<\/p>\n<h3>BoneAMilf<\/h3>\n<p>O BoneAMilf \u00e9 um \u00f3timo aplicativo de encontros online para encontrar encontros gratuitos sem pagamentos. A aplica\u00e7\u00e3o \u00e9 f\u00e1cil de usar e tem muitos membros, tornando-se uma \u00f3tima escolha para quem procura encontros casuais. A aplica\u00e7\u00e3o tamb\u00e9m \u00e9 totalmente gratuita para usar, tornando-a uma \u00f3tima escolha para quem tem um or\u00e7amento.<\/p>\n<p><script type=\"application\/ld+json\">{\"@context\":\"https:\/\/schema.org\",\"@type\":\"FAQPage\",\"mainEntity\":[{\"@type\":\"Question\",\"name\":\"What are the benefits of free hookups without payments?\",\"acceptedAnswer\":{\"@type\":\"Answer\",\"text\":\"The benefits of free hookups without payments are pretty clear: you get to have sex without spending any money. But there are a few other benefits worth mentioning, too. Free hookups make it easy to find someone to have sex with \\u2013 you don't have to go through the hassle of trying to find someone who's interested in a serious relationship. Free hookups can help you explore your sexuality and try new things \\u2013 if you're not sure what you like in bed, free hookups can help you figure it out. Free hookups can be a great way to meet new people and make new friends.\"}},{\"@type\":\"Question\",\"name\":\"What are the drawbacks of free hookups without payments?\",\"acceptedAnswer\":{\"@type\":\"Answer\",\"text\":\"The obvious drawback of free hookups without payments is that you don't get anything in return. But there are other potential issues as well. The quality of the hookups may not be very good, since people who are looking for free hookups are typically not as choosy. There's a higher risk of getting scammed or meeting someone who's not really interested in a sexual relationship. So if you're looking for a no-strings-attached fling, free hookups without payments may be the way to go - but be prepared for some disappointment.\"}}]}<\/script><\/p>\n<h4>Quais s\u00e3o os benef\u00edcios de liga\u00e7\u00f5es gratuitas sem pagamentos?<\/h4>\n<p>Os benef\u00edcios de encontros gratuitos sem pagamentos s\u00e3o bastante claros: pode fazer sexo sem gastar dinheiro. Mas h\u00e1 alguns outros benef\u00edcios que vale a pena mencionar, tamb\u00e9m. Encontros gratuitos tornam f\u00e1cil encontrar algu\u00e9m com sites de chat gratuitos com eles \u2013 n\u00e3o \u00e9 preciso passar pelo inc\u00f3modo de tentar encontrar algu\u00e9m que esteja interessado numa rela\u00e7\u00e3o s\u00e9ria. Encontros gratuitos podem ajud\u00e1-lo a explorar a sua sexualidade e experimentar coisas novas \u2013 se n\u00e3o tiver a certeza do que gosta na cama, os encontros gratuitos podem ajud\u00e1-lo a descobrir. Encontros gratuitos podem ser uma \u00f3tima maneira de conhecer novas pessoas e fazer novos amigos.<\/p>\n<h4>Quais s\u00e3o os inconvenientes de liga\u00e7\u00f5es gratuitas sem pagamentos?<\/h4>\n<p>A desvantagem \u00f3bvia de liga\u00e7\u00f5es gr\u00e1tis sem pagamentos \u00e9 que n\u00e3o recebes nada em troca. Mas h\u00e1 outros problemas potenciais tamb\u00e9m. A qualidade dos encontros pode n\u00e3o ser muito boa, uma vez que as pessoas que procuram liga\u00e7\u00f5es gratuitas n\u00e3o s\u00e3o normalmente t\u00e3o exigentes. H\u00e1 um maior risco de ser enganado ou conhecer algu\u00e9m que n\u00e3o esteja realmente interessado numa rela\u00e7\u00e3o sexual. Por isso, se est\u00e1 \u00e0 procura de uma aventura sem compromissos, os encontros gratuitos sem pagamentos podem ser o caminho a seguir, mas preparem-se para alguma desilus\u00e3o.<\/p>\n","protected":false},"excerpt":{"rendered":"<p>Sites de encontros gratuitos sem inscri\u00e7\u00e3o Se procura um site de encontros gratuito que ofere\u00e7a um servi\u00e7o confi\u00e1vel e o ligue a pessoas solteiras que vivem na sua \u00e1rea, ent\u00e3o<\/p>\n<div class=\"read-more\"><a class=\"theme-btn\" href=\"https:\/\/besudesuabroad.com\/pt-pt\/\" >READ MORE<\/a><\/div>\n","protected":false},"author":1,"featured_media":98,"parent":0,"menu_order":0,"comment_status":"closed","ping_status":"closed","template":"","meta":[],"yoast_head":"<!-- This site is optimized with the Yoast SEO plugin v17.7.1 - https:\/\/yoast.com\/wordpress\/plugins\/seo\/ -->\n<title>Hookups gr\u00e1tis sem pagamentos - Abroad Dating Hookups<\/title>\n<meta name=\"robots\" content=\"index, follow, max-snippet:-1, max-image-preview:large, max-video-preview:-1\" \/>\n<link rel=\"canonical\" href=\"https:\/\/besudesuabroad.com\/pt-pt\/\" \/>\n<meta property=\"og:locale\" content=\"pt_PT\" \/>\n<meta property=\"og:type\" content=\"article\" \/>\n<meta property=\"og:title\" content=\"Hookups gr\u00e1tis sem pagamentos - Abroad Dating Hookups\" \/>\n<meta property=\"og:description\" content=\"Sites de encontros gratuitos sem inscri\u00e7\u00e3o Se procura um site de encontros gratuito que ofere\u00e7a um servi\u00e7o confi\u00e1vel e o ligue a pessoas solteiras que vivem na sua \u00e1rea, ent\u00e3oREAD MORE\" \/>\n<meta property=\"og:url\" content=\"https:\/\/besudesuabroad.com\/pt-pt\/\" \/>\n<meta property=\"og:site_name\" content=\"Abroad Dating Hookups\" \/>\n<meta property=\"og:image\" content=\"http:\/\/besudesuabroad.com\/wp-content\/uploads\/2022\/10\/sex-guide.jpeg\" \/>\n\t<meta property=\"og:image:width\" content=\"2250\" \/>\n\t<meta property=\"og:image:height\" content=\"1500\" \/>\n<meta name=\"twitter:card\" content=\"summary_large_image\" \/>\n<meta name=\"twitter:label1\" content=\"Tempo estimado de leitura\" \/>\n\t<meta name=\"twitter:data1\" content=\"5 minutos\" \/>\n<script type=\"application\/ld+json\" class=\"yoast-schema-graph\">{\"@context\":\"https:\/\/schema.org\",\"@graph\":[{\"@type\":\"WebSite\",\"@id\":\"https:\/\/besudesuabroad.com\/pt-pt\/#website\",\"url\":\"https:\/\/besudesuabroad.com\/pt-pt\/\",\"name\":\"Abroad Dating Hookups\",\"description\":\"Adult Sex Finder\",\"potentialAction\":[{\"@type\":\"SearchAction\",\"target\":{\"@type\":\"EntryPoint\",\"urlTemplate\":\"https:\/\/besudesuabroad.com\/pt-pt\/?s={search_term_string}\"},\"query-input\":\"required name=search_term_string\"}],\"inLanguage\":\"pt-PT\"},{\"@type\":\"ImageObject\",\"@id\":\"https:\/\/besudesuabroad.com\/pt-pt\/#primaryimage\",\"inLanguage\":\"pt-PT\",\"url\":\"https:\/\/besudesuabroad.com\/wp-content\/uploads\/2022\/10\/sex-guide.jpeg\",\"contentUrl\":\"https:\/\/besudesuabroad.com\/wp-content\/uploads\/2022\/10\/sex-guide.jpeg\",\"width\":2250,\"height\":1500},{\"@type\":\"WebPage\",\"@id\":\"https:\/\/besudesuabroad.com\/pt-pt\/#webpage\",\"url\":\"https:\/\/besudesuabroad.com\/pt-pt\/\",\"name\":\"Hookups gr\\u00e1tis sem pagamentos - Abroad Dating Hookups\",\"isPartOf\":{\"@id\":\"https:\/\/besudesuabroad.com\/pt-pt\/#website\"},\"primaryImageOfPage\":{\"@id\":\"https:\/\/besudesuabroad.com\/pt-pt\/#primaryimage\"},\"datePublished\":\"2022-10-24T17:22:21+00:00\",\"dateModified\":\"2022-10-24T17:22:21+00:00\",\"breadcrumb\":{\"@id\":\"https:\/\/besudesuabroad.com\/pt-pt\/#breadcrumb\"},\"inLanguage\":\"pt-PT\",\"potentialAction\":[{\"@type\":\"ReadAction\",\"target\":[\"https:\/\/besudesuabroad.com\/pt-pt\/\"]}]},{\"@type\":\"BreadcrumbList\",\"@id\":\"https:\/\/besudesuabroad.com\/pt-pt\/#breadcrumb\",\"itemListElement\":[{\"@type\":\"ListItem\",\"position\":1,\"name\":\"Home\",\"item\":\"http:\/\/besudesuabroad.com\/pt-pt\/\"},{\"@type\":\"ListItem\",\"position\":2,\"name\":\"Hookups gr\\u00e1tis sem pagamentos\"}]}]}<\/script>\n<!-- \/ Yoast SEO plugin. -->","yoast_head_json":{"title":"Hookups gr\u00e1tis sem pagamentos - Abroad Dating Hookups","robots":{"index":"index","follow":"follow","max-snippet":"max-snippet:-1","max-image-preview":"max-image-preview:large","max-video-preview":"max-video-preview:-1"},"canonical":"https:\/\/besudesuabroad.com\/pt-pt\/","og_locale":"pt_PT","og_type":"article","og_title":"Hookups gr\u00e1tis sem pagamentos - Abroad Dating Hookups","og_description":"Sites de encontros gratuitos sem inscri\u00e7\u00e3o Se procura um site de encontros gratuito que ofere\u00e7a um servi\u00e7o confi\u00e1vel e o ligue a pessoas solteiras que vivem na sua \u00e1rea, ent\u00e3oREAD MORE","og_url":"https:\/\/besudesuabroad.com\/pt-pt\/","og_site_name":"Abroad Dating Hookups","og_image":[{"width":2250,"height":1500,"url":"http:\/\/besudesuabroad.com\/wp-content\/uploads\/2022\/10\/sex-guide.jpeg","type":"image\/jpeg"}],"twitter_card":"summary_large_image","twitter_misc":{"Tempo estimado de leitura":"5 minutos"},"schema":{"@context":"https:\/\/schema.org","@graph":[{"@type":"WebSite","@id":"https:\/\/besudesuabroad.com\/pt-pt\/#website","url":"https:\/\/besudesuabroad.com\/pt-pt\/","name":"Abroad Dating Hookups","description":"Adult Sex Finder","potentialAction":[{"@type":"SearchAction","target":{"@type":"EntryPoint","urlTemplate":"https:\/\/besudesuabroad.com\/pt-pt\/?s={search_term_string}"},"query-input":"required name=search_term_string"}],"inLanguage":"pt-PT"},{"@type":"ImageObject","@id":"https:\/\/besudesuabroad.com\/pt-pt\/#primaryimage","inLanguage":"pt-PT","url":"https:\/\/besudesuabroad.com\/wp-content\/uploads\/2022\/10\/sex-guide.jpeg","contentUrl":"https:\/\/besudesuabroad.com\/wp-content\/uploads\/2022\/10\/sex-guide.jpeg","width":2250,"height":1500},{"@type":"WebPage","@id":"https:\/\/besudesuabroad.com\/pt-pt\/#webpage","url":"https:\/\/besudesuabroad.com\/pt-pt\/","name":"Hookups gr\u00e1tis sem pagamentos - Abroad Dating Hookups","isPartOf":{"@id":"https:\/\/besudesuabroad.com\/pt-pt\/#website"},"primaryImageOfPage":{"@id":"https:\/\/besudesuabroad.com\/pt-pt\/#primaryimage"},"datePublished":"2022-10-24T17:22:21+00:00","dateModified":"2022-10-24T17:22:21+00:00","breadcrumb":{"@id":"https:\/\/besudesuabroad.com\/pt-pt\/#breadcrumb"},"inLanguage":"pt-PT","potentialAction":[{"@type":"ReadAction","target":["https:\/\/besudesuabroad.com\/pt-pt\/"]}]},{"@type":"BreadcrumbList","@id":"https:\/\/besudesuabroad.com\/pt-pt\/#breadcrumb","itemListElement":[{"@type":"ListItem","position":1,"name":"Home","item":"http:\/\/besudesuabroad.com\/pt-pt\/"},{"@type":"ListItem","position":2,"name":"Hookups gr\u00e1tis sem pagamentos"}]}]}},"_links":{"self":[{"href":"https:\/\/besudesuabroad.com\/pt-pt\/wp-json\/wp\/v2\/pages\/119"}],"collection":[{"href":"https:\/\/besudesuabroad.com\/pt-pt\/wp-json\/wp\/v2\/pages"}],"about":[{"href":"https:\/\/besudesuabroad.com\/pt-pt\/wp-json\/wp\/v2\/types\/page"}],"author":[{"embeddable":true,"href":"https:\/\/besudesuabroad.com\/pt-pt\/wp-json\/wp\/v2\/users\/1"}],"replies":[{"embeddable":true,"href":"https:\/\/besudesuabroad.com\/pt-pt\/wp-json\/wp\/v2\/comments?post=119"}],"version-history":[{"count":0,"href":"https:\/\/besudesuabroad.com\/pt-pt\/wp-json\/wp\/v2\/pages\/119\/revisions"}],"wp:featuredmedia":[{"embeddable":true,"href":"https:\/\/besudesuabroad.com\/pt-pt\/wp-json\/wp\/v2\/media\/98"}],"wp:attachment":[{"href":"https:\/\/besudesuabroad.com\/pt-pt\/wp-json\/wp\/v2\/media?parent=119"}],"curies":[{"name":"wp","href":"https:\/\/api.w.org\/{rel}","templated":true}]}}