{"id":112,"date":"2022-10-25T13:16:10","date_gmt":"2022-10-25T12:16:10","guid":{"rendered":"http:\/\/besudesuabroad.com\/sexo-livre-perto-de-mim\/"},"modified":"2022-10-25T13:16:10","modified_gmt":"2022-10-25T12:16:10","slug":"sexo-livre-perto-de-mim","status":"publish","type":"page","link":"https:\/\/besudesuabroad.com\/pt-pt\/sexo-livre-perto-de-mim\/","title":{"rendered":"Sexo livre perto de mim"},"content":{"rendered":"<h2>Foda-se perto de mim<\/h2>\n<p>&#8220;Foda-se perto de mim&#8221; \u00e9 um termo usado para descrever um encontro sexual que est\u00e1 acontecendo nas proximidades do orador. O termo pode ser usado para se referir a rela\u00e7\u00f5es sexuais casuais e comprometidas, e pode ser usado por pessoas de qualquer identidade de g\u00e9nero. &#8220;Foda-se perto de mim&#8221; \u00e9 frequentemente usado como uma forma de encontrar algu\u00e9m com sexo com rapidez e facilidade, e pode ser uma ferramenta \u00fatil para pessoas que procuram um encontro sexual r\u00e1pido e f\u00e1cil.<\/p>\n<h2>Sexo livre perto de mim<\/h2>\n<p>Sexo livre perto de mim \u00e9 uma \u00f3tima maneira de encontrar algu\u00e9m com quem fazer sexo sem ter que se comprometer com nada. Pode procurar pessoas na sua \u00e1rea que procuram a mesma coisa, e depois pode enviar-lhes uma mensagem e ver se h\u00e1 alguma liga\u00e7\u00e3o. Se houver, pode encontrar-se e divertir-se!<\/p>\n<h3>WantMatures<\/h3>\n<p>Se procura uma abordagem sem disparates para encontrar mulheres mais velhas para sexo, o WantMatures \u00e9 definitivamente o local para si. \u00c9 simples e f\u00e1cil de usar, e as mulheres l\u00e1 est\u00e3o genuinamente interessadas em se juntar em rapazes mais novos para uma divers\u00e3o sem compromissos.<\/p>\n<p>Quer estejas apenas \u00e0 procura de uma aventura \u00fanica ou algo mais em andamento, tens a certeza que vais encontrar algu\u00e9m no WantMatures que esteja disposto a isso. E o melhor de tudo, \u00e9 livre para se inscrever e procurar perfis!<\/p>\n<h3>TinderMeets<\/h3>\n<p>O TinderMeets \u00e9 uma excelente aplica\u00e7\u00e3o de encontros online que liga solteiros com outros solteiros na sua \u00e1rea para sexo gr\u00e1tis perto de mim. A aplica\u00e7\u00e3o \u00e9 f\u00e1cil de usar e permite que os utilizadores encontrem rapidamente outros na sua \u00e1rea que procuram a mesma coisa. Recomendo vivamente esta aplica\u00e7\u00e3o a quem procura uma maneira r\u00e1pida e f\u00e1cil de <a href=\"http:\/\/besudesuabroad.com\/pt-pt\/mulheres-que-querem-homens\/\">as mulheres que procuram homens perto de mim<\/a> se conectarem com outros na sua \u00e1rea para sexo gr\u00e1tis perto de mim.<\/p>\n<h2>Sexo Gr\u00e1tis Nas Proximidades<\/h2>\n<p>Se procura sexo gr\u00e1tis perto de si, pode encontr\u00e1-lo em v\u00e1rios lugares. Os parques locais, por exemplo, s\u00e3o muitas vezes \u00f3timos lugares para encontrar pessoas \u00e0 procura de sexo casual. Tamb\u00e9m pode experimentar websites e aplicativos projetados para pessoas que procuram parceiros sexuais, como o Tinder ou o Grindr.<\/p>\n<p>Se est\u00e1s aberto a experimentar coisas novas, talvez queiras ver clubes sexuais ou festas de swingers. Seja qual for a tua prefer\u00eancia, h\u00e1 uma maneira de encontrar sexo livre perto de ti, se \u00e9 isso que procuras.<\/p>\n<p><script type=\"application\/ld+json\">{\"@context\":\"https:\/\/schema.org\",\"@type\":\"FAQPage\",\"mainEntity\":[{\"@type\":\"Question\",\"name\":\"What are the benefits of free sex?\",\"acceptedAnswer\":{\"@type\":\"Answer\",\"text\":\"There are many benefits to free sex. Perhaps one of the most obvious benefits is that it is free! This means that you can have as much sex as you want without having to spend any money. Free sex is a great way to explore your sexuality and learn more about what turns you on. It can also help you to build relationships and intimacy with your partners.\"}},{\"@type\":\"Question\",\"name\":\"What makes free sex so appealing?\",\"acceptedAnswer\":{\"@type\":\"Answer\",\"text\":\"The appeal of free sex is pretty self-explanatory. It's free! Who wouldn't want something that doesn't cost anything? Plus, it can be a lot of fun. You get to explore your sexuality and have new experiences without having to commit to anything. That can be really liberating and exciting.\"}}]}<\/script><\/p>\n<p><strong>Quais s\u00e3o os benef\u00edcios do sexo livre?<\/strong><\/p>\n<p>H\u00e1 muitos benef\u00edcios para o sexo livre. Talvez um dos benef\u00edcios mais \u00f3bvios seja o facto de ser gratuito! Isto significa que podes ter o m\u00e1ximo de sexo que quiseres sem teres de gastar dinheiro. Sexo gratuito \u00e9 uma \u00f3tima maneira de explorar a sua sexualidade e aprender mais sobre o que te excita. Tamb\u00e9m pode ajud\u00e1-lo a construir relacionamentos e intimidade com os seus parceiros.<\/p>\n<p><strong>O que torna o sexo livre t\u00e3o apelativo?<\/strong><\/p>\n<p>O apelo do sexo livre \u00e9 bastante autoexplicativo. \u00c9 de gra\u00e7a! Quem n\u00e3o quereria algo que n\u00e3o custasse nada? Al\u00e9m disso, pode ser muito divertido. Voc\u00ea pode explorar a sua sexualidade e ter novas experi\u00eancias sem ter que se comprometer com nada. Isso pode ser muito libertador e excitante.<\/p>\n","protected":false},"excerpt":{"rendered":"<p>Foda-se perto de mim &#8220;Foda-se perto de mim&#8221; \u00e9 um termo usado para descrever um encontro sexual que est\u00e1 acontecendo nas proximidades do orador. O termo pode ser usado para<\/p>\n<div class=\"read-more\"><a class=\"theme-btn\" href=\"https:\/\/besudesuabroad.com\/pt-pt\/sexo-livre-perto-de-mim\/\" >READ MORE<\/a><\/div>\n","protected":false},"author":1,"featured_media":0,"parent":0,"menu_order":0,"comment_status":"closed","ping_status":"closed","template":"","meta":[],"yoast_head":"<!-- This site is optimized with the Yoast SEO plugin v17.7.1 - https:\/\/yoast.com\/wordpress\/plugins\/seo\/ -->\n<title>Sexo livre perto de mim - Abroad Dating Hookups<\/title>\n<meta name=\"robots\" content=\"index, follow, max-snippet:-1, max-image-preview:large, max-video-preview:-1\" \/>\n<link rel=\"canonical\" href=\"https:\/\/besudesuabroad.com\/pt-pt\/sexo-livre-perto-de-mim\/\" \/>\n<meta property=\"og:locale\" content=\"pt_PT\" \/>\n<meta property=\"og:type\" content=\"article\" \/>\n<meta property=\"og:title\" content=\"Sexo livre perto de mim - Abroad Dating Hookups\" \/>\n<meta property=\"og:description\" content=\"Foda-se perto de mim &#8220;Foda-se perto de mim&#8221; \u00e9 um termo usado para descrever um encontro sexual que est\u00e1 acontecendo nas proximidades do orador. O termo pode ser usado paraREAD MORE\" \/>\n<meta property=\"og:url\" content=\"https:\/\/besudesuabroad.com\/pt-pt\/sexo-livre-perto-de-mim\/\" \/>\n<meta property=\"og:site_name\" content=\"Abroad Dating Hookups\" \/>\n<meta name=\"twitter:card\" content=\"summary_large_image\" \/>\n<meta name=\"twitter:label1\" content=\"Tempo estimado de leitura\" \/>\n\t<meta name=\"twitter:data1\" content=\"3 minutos\" \/>\n<script type=\"application\/ld+json\" class=\"yoast-schema-graph\">{\"@context\":\"https:\/\/schema.org\",\"@graph\":[{\"@type\":\"WebSite\",\"@id\":\"http:\/\/besudesuabroad.com\/pt-pt\/#website\",\"url\":\"http:\/\/besudesuabroad.com\/pt-pt\/\",\"name\":\"Abroad Dating Hookups\",\"description\":\"Adult Sex Finder\",\"potentialAction\":[{\"@type\":\"SearchAction\",\"target\":{\"@type\":\"EntryPoint\",\"urlTemplate\":\"http:\/\/besudesuabroad.com\/pt-pt\/?s={search_term_string}\"},\"query-input\":\"required name=search_term_string\"}],\"inLanguage\":\"pt-PT\"},{\"@type\":\"WebPage\",\"@id\":\"https:\/\/besudesuabroad.com\/pt-pt\/sexo-livre-perto-de-mim\/#webpage\",\"url\":\"https:\/\/besudesuabroad.com\/pt-pt\/sexo-livre-perto-de-mim\/\",\"name\":\"Sexo livre perto de mim - Abroad Dating Hookups\",\"isPartOf\":{\"@id\":\"http:\/\/besudesuabroad.com\/pt-pt\/#website\"},\"datePublished\":\"2022-10-25T12:16:10+00:00\",\"dateModified\":\"2022-10-25T12:16:10+00:00\",\"breadcrumb\":{\"@id\":\"https:\/\/besudesuabroad.com\/pt-pt\/sexo-livre-perto-de-mim\/#breadcrumb\"},\"inLanguage\":\"pt-PT\",\"potentialAction\":[{\"@type\":\"ReadAction\",\"target\":[\"https:\/\/besudesuabroad.com\/pt-pt\/sexo-livre-perto-de-mim\/\"]}]},{\"@type\":\"BreadcrumbList\",\"@id\":\"https:\/\/besudesuabroad.com\/pt-pt\/sexo-livre-perto-de-mim\/#breadcrumb\",\"itemListElement\":[{\"@type\":\"ListItem\",\"position\":1,\"name\":\"Home\",\"item\":\"http:\/\/besudesuabroad.com\/pt-pt\/\"},{\"@type\":\"ListItem\",\"position\":2,\"name\":\"Sexo livre perto de mim\"}]}]}<\/script>\n<!-- \/ Yoast SEO plugin. -->","yoast_head_json":{"title":"Sexo livre perto de mim - Abroad Dating Hookups","robots":{"index":"index","follow":"follow","max-snippet":"max-snippet:-1","max-image-preview":"max-image-preview:large","max-video-preview":"max-video-preview:-1"},"canonical":"https:\/\/besudesuabroad.com\/pt-pt\/sexo-livre-perto-de-mim\/","og_locale":"pt_PT","og_type":"article","og_title":"Sexo livre perto de mim - Abroad Dating Hookups","og_description":"Foda-se perto de mim &#8220;Foda-se perto de mim&#8221; \u00e9 um termo usado para descrever um encontro sexual que est\u00e1 acontecendo nas proximidades do orador. O termo pode ser usado paraREAD MORE","og_url":"https:\/\/besudesuabroad.com\/pt-pt\/sexo-livre-perto-de-mim\/","og_site_name":"Abroad Dating Hookups","twitter_card":"summary_large_image","twitter_misc":{"Tempo estimado de leitura":"3 minutos"},"schema":{"@context":"https:\/\/schema.org","@graph":[{"@type":"WebSite","@id":"http:\/\/besudesuabroad.com\/pt-pt\/#website","url":"http:\/\/besudesuabroad.com\/pt-pt\/","name":"Abroad Dating Hookups","description":"Adult Sex Finder","potentialAction":[{"@type":"SearchAction","target":{"@type":"EntryPoint","urlTemplate":"http:\/\/besudesuabroad.com\/pt-pt\/?s={search_term_string}"},"query-input":"required name=search_term_string"}],"inLanguage":"pt-PT"},{"@type":"WebPage","@id":"https:\/\/besudesuabroad.com\/pt-pt\/sexo-livre-perto-de-mim\/#webpage","url":"https:\/\/besudesuabroad.com\/pt-pt\/sexo-livre-perto-de-mim\/","name":"Sexo livre perto de mim - Abroad Dating Hookups","isPartOf":{"@id":"http:\/\/besudesuabroad.com\/pt-pt\/#website"},"datePublished":"2022-10-25T12:16:10+00:00","dateModified":"2022-10-25T12:16:10+00:00","breadcrumb":{"@id":"https:\/\/besudesuabroad.com\/pt-pt\/sexo-livre-perto-de-mim\/#breadcrumb"},"inLanguage":"pt-PT","potentialAction":[{"@type":"ReadAction","target":["https:\/\/besudesuabroad.com\/pt-pt\/sexo-livre-perto-de-mim\/"]}]},{"@type":"BreadcrumbList","@id":"https:\/\/besudesuabroad.com\/pt-pt\/sexo-livre-perto-de-mim\/#breadcrumb","itemListElement":[{"@type":"ListItem","position":1,"name":"Home","item":"http:\/\/besudesuabroad.com\/pt-pt\/"},{"@type":"ListItem","position":2,"name":"Sexo livre perto de mim"}]}]}},"_links":{"self":[{"href":"https:\/\/besudesuabroad.com\/pt-pt\/wp-json\/wp\/v2\/pages\/112"}],"collection":[{"href":"https:\/\/besudesuabroad.com\/pt-pt\/wp-json\/wp\/v2\/pages"}],"about":[{"href":"https:\/\/besudesuabroad.com\/pt-pt\/wp-json\/wp\/v2\/types\/page"}],"author":[{"embeddable":true,"href":"https:\/\/besudesuabroad.com\/pt-pt\/wp-json\/wp\/v2\/users\/1"}],"replies":[{"embeddable":true,"href":"https:\/\/besudesuabroad.com\/pt-pt\/wp-json\/wp\/v2\/comments?post=112"}],"version-history":[{"count":0,"href":"https:\/\/besudesuabroad.com\/pt-pt\/wp-json\/wp\/v2\/pages\/112\/revisions"}],"wp:attachment":[{"href":"https:\/\/besudesuabroad.com\/pt-pt\/wp-json\/wp\/v2\/media?parent=112"}],"curies":[{"name":"wp","href":"https:\/\/api.w.org\/{rel}","templated":true}]}}