{"id":103,"date":"2022-10-25T13:16:10","date_gmt":"2022-10-25T12:16:10","guid":{"rendered":"http:\/\/besudesuabroad.com\/sesso-gratis-vicino-a-me\/"},"modified":"2022-10-25T13:16:10","modified_gmt":"2022-10-25T12:16:10","slug":"sesso-gratis-vicino-a-me","status":"publish","type":"page","link":"https:\/\/besudesuabroad.com\/it\/sesso-gratis-vicino-a-me\/","title":{"rendered":"Sesso gratis vicino a me"},"content":{"rendered":"<h2>Cazzo vicino a me<\/h2>\n<p>&#8220;Fuck near me&#8221; \u00e8 un termine usato per descrivere un incontro sessuale che sta accadendo in prossimit\u00e0 dell&#8217;oratore. Il termine pu\u00f2 essere usato per riferirsi a relazioni sessuali sia occasionali che impegnate, e pu\u00f2 essere usato da persone di qualsiasi identit\u00e0 di genere. &#8220;Fuck near me&#8221; \u00e8 spesso usato come un modo per trovare qualcuno con cui fare sesso in modo rapido e semplice, e pu\u00f2 essere uno strumento utile per le persone che sono alla ricerca di un incontro sessuale facile e veloce.<\/p>\n<h2>Sesso gratis vicino a me<\/h2>\n<p>Il sesso libero vicino a me \u00e8 un ottimo modo per trovare qualcuno con cui fare sesso senza doversi impegnare in nulla. Puoi cercare persone nella tua zona che stanno cercando la stessa cosa, quindi puoi inviare loro un messaggio e vedere se c&#8217;\u00e8 una connessione. Se c&#8217;\u00e8, puoi incontrarti e divertirti!<\/p>\n<h3>WantMatures<\/h3>\n<p>Se stai cercando un approccio senza fronzoli per trovare donne anziane per il sesso, WantMatures \u00e8 sicuramente il sito che fa per te. \u00c8 semplice e facile da usare, e le donne l\u00ec sono sinceramente interessate a collegarsi con ragazzi pi\u00f9 giovani per un po &#8216;di divertimento senza vincoli.<\/p>\n<p>Sia che tu stia solo cercando un&#8217;avventura occasionale o qualcosa di pi\u00f9 in corso, sei sicuro di trovare qualcuno su WantMatures che \u00e8 pronto per questo. E soprattutto, \u00e8 gratuito registrarsi e sfogliare i profili!<\/p>\n<h3>TinderMeets<\/h3>\n<p>TinderMeets \u00e8 un&#8217;ottima app di appuntamenti online che collega single con altri single nella loro zona per sesso gratuito vicino a me. L&#8217;app \u00e8 facile da usare e consente agli utenti di trovare rapidamente altri nella loro zona che cercano la stessa cosa. Consiglio vivamente questa app a chiunque cerchi un modo semplice e veloce per <a href=\"http:\/\/besudesuabroad.com\/it\/donne-che-vogliono-uomini\/\">le donne che cercano uomini<\/a> vicino a me connettersi con gli altri nella loro zona per il sesso gratuito vicino a me.<\/p>\n<h2>Sesso gratuito nelle vicinanze<\/h2>\n<p>Se stai cercando sesso gratis vicino a te, puoi trovarlo in una variet\u00e0 di posti. I parchi locali, ad esempio, sono spesso ottimi posti per trovare persone in cerca di sesso occasionale. Puoi anche provare siti Web e app progettati per le persone in cerca di partner sessuali, come Tinder o Grindr.<\/p>\n<p>Se sei aperto a provare cose nuove, potresti voler dare un&#8217;occhiata ai sex club o alle feste degli scambisti. Qualunque sia la tua preferenza, probabilmente c&#8217;\u00e8 un modo per trovare sesso gratuito vicino a te se \u00e8 quello che stai cercando.<\/p>\n<p><script type=\"application\/ld+json\">{\"@context\":\"https:\/\/schema.org\",\"@type\":\"FAQPage\",\"mainEntity\":[{\"@type\":\"Question\",\"name\":\"What are the benefits of free sex?\",\"acceptedAnswer\":{\"@type\":\"Answer\",\"text\":\"There are many benefits to free sex. Perhaps one of the most obvious benefits is that it is free! This means that you can have as much sex as you want without having to spend any money. Free sex is a great way to explore your sexuality and learn more about what turns you on. It can also help you to build relationships and intimacy with your partners.\"}},{\"@type\":\"Question\",\"name\":\"What makes free sex so appealing?\",\"acceptedAnswer\":{\"@type\":\"Answer\",\"text\":\"The appeal of free sex is pretty self-explanatory. It's free! Who wouldn't want something that doesn't cost anything? Plus, it can be a lot of fun. You get to explore your sexuality and have new experiences without having to commit to anything. That can be really liberating and exciting.\"}}]}<\/script><\/p>\n<p><strong>Quali sono i benefici del sesso libero?<\/strong><\/p>\n<p>Ci sono molti benefici per il sesso libero. Forse uno dei vantaggi pi\u00f9 evidenti \u00e8 che \u00e8 gratuito! Ci\u00f2 significa che puoi fare tutto il sesso che vuoi senza dover spendere soldi. Il sesso libero \u00e8 un ottimo modo per esplorare la tua sessualit\u00e0 e saperne di pi\u00f9 su ci\u00f2 che ti eccita. Pu\u00f2 anche aiutarti a costruire relazioni e intimit\u00e0 con i tuoi partner.<\/p>\n<p><strong>Cosa rende il sesso libero cos\u00ec attraente?<\/strong><\/p>\n<p>Il fascino del sesso libero \u00e8 abbastanza autoesplicativo. \u00c8 gratis! Chi non vorrebbe qualcosa che non costa nulla? Inoltre, pu\u00f2 essere molto divertente. Puoi esplorare la tua sessualit\u00e0 e avere nuove esperienze senza doverti impegnare in nulla. Questo pu\u00f2 essere davvero liberatorio ed eccitante.<\/p>\n","protected":false},"excerpt":{"rendered":"<p>Cazzo vicino a me &#8220;Fuck near me&#8221; \u00e8 un termine usato per descrivere un incontro sessuale che sta accadendo in prossimit\u00e0 dell&#8217;oratore. Il termine pu\u00f2 essere usato per riferirsi a<\/p>\n<div class=\"read-more\"><a class=\"theme-btn\" href=\"https:\/\/besudesuabroad.com\/it\/sesso-gratis-vicino-a-me\/\" >READ MORE<\/a><\/div>\n","protected":false},"author":1,"featured_media":0,"parent":0,"menu_order":0,"comment_status":"closed","ping_status":"closed","template":"","meta":[],"yoast_head":"<!-- This site is optimized with the Yoast SEO plugin v17.7.1 - https:\/\/yoast.com\/wordpress\/plugins\/seo\/ -->\n<title>Sesso gratis vicino a me - Abroad Dating Hookups<\/title>\n<meta name=\"robots\" content=\"index, follow, max-snippet:-1, max-image-preview:large, max-video-preview:-1\" \/>\n<link rel=\"canonical\" href=\"https:\/\/besudesuabroad.com\/it\/sesso-gratis-vicino-a-me\/\" \/>\n<meta property=\"og:locale\" content=\"it_IT\" \/>\n<meta property=\"og:type\" content=\"article\" \/>\n<meta property=\"og:title\" content=\"Sesso gratis vicino a me - Abroad Dating Hookups\" \/>\n<meta property=\"og:description\" content=\"Cazzo vicino a me &#8220;Fuck near me&#8221; \u00e8 un termine usato per descrivere un incontro sessuale che sta accadendo in prossimit\u00e0 dell&#8217;oratore. Il termine pu\u00f2 essere usato per riferirsi aREAD MORE\" \/>\n<meta property=\"og:url\" content=\"https:\/\/besudesuabroad.com\/it\/sesso-gratis-vicino-a-me\/\" \/>\n<meta property=\"og:site_name\" content=\"Abroad Dating Hookups\" \/>\n<meta name=\"twitter:card\" content=\"summary_large_image\" \/>\n<meta name=\"twitter:label1\" content=\"Tempo di lettura stimato\" \/>\n\t<meta name=\"twitter:data1\" content=\"3 minuti\" \/>\n<script type=\"application\/ld+json\" class=\"yoast-schema-graph\">{\"@context\":\"https:\/\/schema.org\",\"@graph\":[{\"@type\":\"WebSite\",\"@id\":\"http:\/\/besudesuabroad.com\/it\/#website\",\"url\":\"http:\/\/besudesuabroad.com\/it\/\",\"name\":\"Abroad Dating Hookups\",\"description\":\"Adult Sex Finder\",\"potentialAction\":[{\"@type\":\"SearchAction\",\"target\":{\"@type\":\"EntryPoint\",\"urlTemplate\":\"http:\/\/besudesuabroad.com\/it\/?s={search_term_string}\"},\"query-input\":\"required name=search_term_string\"}],\"inLanguage\":\"it-IT\"},{\"@type\":\"WebPage\",\"@id\":\"https:\/\/besudesuabroad.com\/it\/sesso-gratis-vicino-a-me\/#webpage\",\"url\":\"https:\/\/besudesuabroad.com\/it\/sesso-gratis-vicino-a-me\/\",\"name\":\"Sesso gratis vicino a me - Abroad Dating Hookups\",\"isPartOf\":{\"@id\":\"http:\/\/besudesuabroad.com\/it\/#website\"},\"datePublished\":\"2022-10-25T12:16:10+00:00\",\"dateModified\":\"2022-10-25T12:16:10+00:00\",\"breadcrumb\":{\"@id\":\"https:\/\/besudesuabroad.com\/it\/sesso-gratis-vicino-a-me\/#breadcrumb\"},\"inLanguage\":\"it-IT\",\"potentialAction\":[{\"@type\":\"ReadAction\",\"target\":[\"https:\/\/besudesuabroad.com\/it\/sesso-gratis-vicino-a-me\/\"]}]},{\"@type\":\"BreadcrumbList\",\"@id\":\"https:\/\/besudesuabroad.com\/it\/sesso-gratis-vicino-a-me\/#breadcrumb\",\"itemListElement\":[{\"@type\":\"ListItem\",\"position\":1,\"name\":\"Home\",\"item\":\"http:\/\/besudesuabroad.com\/it\/\"},{\"@type\":\"ListItem\",\"position\":2,\"name\":\"Sesso gratis vicino a me\"}]}]}<\/script>\n<!-- \/ Yoast SEO plugin. -->","yoast_head_json":{"title":"Sesso gratis vicino a me - Abroad Dating Hookups","robots":{"index":"index","follow":"follow","max-snippet":"max-snippet:-1","max-image-preview":"max-image-preview:large","max-video-preview":"max-video-preview:-1"},"canonical":"https:\/\/besudesuabroad.com\/it\/sesso-gratis-vicino-a-me\/","og_locale":"it_IT","og_type":"article","og_title":"Sesso gratis vicino a me - Abroad Dating Hookups","og_description":"Cazzo vicino a me &#8220;Fuck near me&#8221; \u00e8 un termine usato per descrivere un incontro sessuale che sta accadendo in prossimit\u00e0 dell&#8217;oratore. Il termine pu\u00f2 essere usato per riferirsi aREAD MORE","og_url":"https:\/\/besudesuabroad.com\/it\/sesso-gratis-vicino-a-me\/","og_site_name":"Abroad Dating Hookups","twitter_card":"summary_large_image","twitter_misc":{"Tempo di lettura stimato":"3 minuti"},"schema":{"@context":"https:\/\/schema.org","@graph":[{"@type":"WebSite","@id":"http:\/\/besudesuabroad.com\/it\/#website","url":"http:\/\/besudesuabroad.com\/it\/","name":"Abroad Dating Hookups","description":"Adult Sex Finder","potentialAction":[{"@type":"SearchAction","target":{"@type":"EntryPoint","urlTemplate":"http:\/\/besudesuabroad.com\/it\/?s={search_term_string}"},"query-input":"required name=search_term_string"}],"inLanguage":"it-IT"},{"@type":"WebPage","@id":"https:\/\/besudesuabroad.com\/it\/sesso-gratis-vicino-a-me\/#webpage","url":"https:\/\/besudesuabroad.com\/it\/sesso-gratis-vicino-a-me\/","name":"Sesso gratis vicino a me - Abroad Dating Hookups","isPartOf":{"@id":"http:\/\/besudesuabroad.com\/it\/#website"},"datePublished":"2022-10-25T12:16:10+00:00","dateModified":"2022-10-25T12:16:10+00:00","breadcrumb":{"@id":"https:\/\/besudesuabroad.com\/it\/sesso-gratis-vicino-a-me\/#breadcrumb"},"inLanguage":"it-IT","potentialAction":[{"@type":"ReadAction","target":["https:\/\/besudesuabroad.com\/it\/sesso-gratis-vicino-a-me\/"]}]},{"@type":"BreadcrumbList","@id":"https:\/\/besudesuabroad.com\/it\/sesso-gratis-vicino-a-me\/#breadcrumb","itemListElement":[{"@type":"ListItem","position":1,"name":"Home","item":"http:\/\/besudesuabroad.com\/it\/"},{"@type":"ListItem","position":2,"name":"Sesso gratis vicino a me"}]}]}},"_links":{"self":[{"href":"https:\/\/besudesuabroad.com\/it\/wp-json\/wp\/v2\/pages\/103"}],"collection":[{"href":"https:\/\/besudesuabroad.com\/it\/wp-json\/wp\/v2\/pages"}],"about":[{"href":"https:\/\/besudesuabroad.com\/it\/wp-json\/wp\/v2\/types\/page"}],"author":[{"embeddable":true,"href":"https:\/\/besudesuabroad.com\/it\/wp-json\/wp\/v2\/users\/1"}],"replies":[{"embeddable":true,"href":"https:\/\/besudesuabroad.com\/it\/wp-json\/wp\/v2\/comments?post=103"}],"version-history":[{"count":0,"href":"https:\/\/besudesuabroad.com\/it\/wp-json\/wp\/v2\/pages\/103\/revisions"}],"wp:attachment":[{"href":"https:\/\/besudesuabroad.com\/it\/wp-json\/wp\/v2\/media?parent=103"}],"curies":[{"name":"wp","href":"https:\/\/api.w.org\/{rel}","templated":true}]}}