{"id":110,"date":"2022-10-24T18:22:21","date_gmt":"2022-10-24T17:22:21","guid":{"rendered":"http:\/\/besudesuabroad.com\/conexiones-gratuitas-sin-pagos\/"},"modified":"2022-11-28T11:44:49","modified_gmt":"2022-11-28T11:44:49","slug":"conexiones-gratuitas-sin-pagos","status":"publish","type":"page","link":"https:\/\/besudesuabroad.com\/es\/","title":{"rendered":"Conexiones gratuitas sin pagos"},"content":{"rendered":"<h2>Sitios de citas gratuitos sin registro<\/h2>\n<p>Si est\u00e1 buscando un sitio de citas gratuito que ofrezca un servicio confiable y lo conecte con personas solteras que viven en su \u00e1rea, entonces definitivamente deber\u00eda consultar Free Hookups No Payments. Este sitio de citas es 100% gratuito, y es uno de los mejores sitios para solteros que buscan encuentros casuales. No tiene que preocuparse por ser <a href=\"https:\/\/www.citas-gratis.com\">Citas-Gratis.com<\/a> estafado en este sitio, porque es totalmente gratuito y no hay tarifas ocultas.<\/p>\n<p>Adem\u00e1s, puedes chatear con otros solteros en el sitio sin tener que pagar nada. Entonces, si est\u00e1 buscando un sitio de citas gratuito que no requiera una tarjeta de cr\u00e9dito o pago, entonces Free Hookups No Payments es definitivamente el sitio para usted.<\/p>\n<h2>Conexiones gratuitas sin pagos<\/h2>\n<p>Las aplicaciones de conexi\u00f3n son la nueva era de las citas donde puedes encontrar a alguien para un encuentro casual sin condiciones.  <\/p>\n<p>La mejor parte de las aplicaciones de conexi\u00f3n es que puedes usarlas de forma gratuita. No necesita ingresar la informaci\u00f3n de su tarjeta de cr\u00e9dito ni nada de eso. Simplemente descargue la aplicaci\u00f3n y comience a deslizar.<\/p>\n<p>Hay muchas aplicaciones de conexi\u00f3n diferentes, pero no todas son buenas. Hemos probado todos los principales y compilado nuestros hallazgos aqu\u00ed.  <\/p>\n<p>Aqu\u00ed est\u00e1n nuestras mejores opciones para las mejores aplicaciones de conexi\u00f3n gratuitas en este momento:  <\/p>\n<p>1) Tinder: Tinder es una de las aplicaciones de conexi\u00f3n m\u00e1s populares que existen.<\/p>\n<p>Es f\u00e1cil de usar y puedes comenzar a chatear con personas en solo unos minutos.  <\/p>\n<p>2) Grindr: Grindr es una aplicaci\u00f3n de citas gay que ha existido durante a\u00f1os.<\/p>\n<p>Tiene una gran base de usuarios y puedes encontrar a alguien con quien conectarte con solo unos pocos clics.  <\/p>\n<p>3) Bumble: Bumble es una aplicaci\u00f3n de citas que pone a las mujeres en control.<\/p>\n<p>Si quieres chatear con mujeres, esta es la aplicaci\u00f3n para ti.<\/p>\n<h2>Sitios de conexi\u00f3n sin tarjeta de cr\u00e9dito<\/h2>\n<p>Hay una serie de <a href=\"http:\/\/www.paginas-de-sexo.com\/\">paginas de contactos<\/a> que no requieren informaci\u00f3n de pago o tarjeta de cr\u00e9dito. Estos sitios le permiten encontrar personas con las que conectarse sin tener que preocuparse por ser estafado. Tampoco requieren que ingrese ninguna informaci\u00f3n financiera, por lo que puede estar seguro de que su identidad e informaci\u00f3n personal se mantendr\u00e1n seguras.<\/p>\n<h3>Ashley Madison<\/h3>\n<p>Creemos que Ashley Madison es una gran aplicaci\u00f3n de citas para <a href=\"http:\/\/www.sites-de-sexo.com\">sites sexo online<\/a>. Es una gran manera de conocer gente nueva y divertirse.<\/p>\n<p>Tambi\u00e9n creemos que es una excelente manera de encontrar parejas sexuales casuales. Recomendamos que todos los usuarios de Ashley Madison tengan precauci\u00f3n y est\u00e9n seguros al conocer gente nueva.<\/p>\n<h3>Juntos2Noches<\/h3>\n<p>Together2Night es una gran aplicaci\u00f3n de citas en l\u00ednea para encontrar conexiones gratuitas sin pagos. La aplicaci\u00f3n tiene una interfaz muy f\u00e1cil de usar y facilita la b\u00fasqueda de personas en su \u00e1rea que buscan lo mismo que usted. Tuve una gran experiencia usando la aplicaci\u00f3n y definitivamente la recomendar\u00eda a cualquiera que busque una conexi\u00f3n sin ataduras.<\/p>\n<h3>Lovoo<\/h3>\n<p>Creemos que Lovoo es un gran sitio para encontrar conexiones gratuitas sin tener que realizar ning\u00fan pago. El sitio es f\u00e1cil de usar y tiene muchos usuarios, lo que lo convierte en un gran lugar para encontrar a alguien con quien conectarse.<\/p>\n<p>Tambi\u00e9n nos gusta el hecho de que no hay tarifas asociadas con el uso del sitio: simplemente puede registrarse y comenzar a buscar a alguien con quien salir o conectarse. Creemos que Lovoo es una excelente opci\u00f3n para aquellos que buscan citas casuales o encuentros, y definitivamente lo recomendar\u00edamos a cualquiera que busque un tipo de relaci\u00f3n sin ataduras.<\/p>\n<h3>BoneAMilf<\/h3>\n<p>BoneAMilf es una excelente aplicaci\u00f3n de citas en l\u00ednea para encontrar conexiones gratuitas sin pagos. La aplicaci\u00f3n es f\u00e1cil de usar y tiene muchos miembros, por lo que es una excelente opci\u00f3n para aquellos que buscan conexiones casuales. La aplicaci\u00f3n tambi\u00e9n es completamente gratuita, por lo que es una excelente opci\u00f3n para aquellos con un presupuesto limitado.<\/p>\n<p><script type=\"application\/ld+json\">{\"@context\":\"https:\/\/schema.org\",\"@type\":\"FAQPage\",\"mainEntity\":[{\"@type\":\"Question\",\"name\":\"What are the benefits of free hookups without payments?\",\"acceptedAnswer\":{\"@type\":\"Answer\",\"text\":\"The benefits of free hookups without payments are pretty clear: you get to have sex without spending any money. But there are a few other benefits worth mentioning, too. Free hookups make it easy to find someone to have sex with \\u2013 you don't have to go through the hassle of trying to find someone who's interested in a serious relationship. Free hookups can help you explore your sexuality and try new things \\u2013 if you're not sure what you like in bed, free hookups can help you figure it out. Free hookups can be a great way to meet new people and make new friends.\"}},{\"@type\":\"Question\",\"name\":\"What are the drawbacks of free hookups without payments?\",\"acceptedAnswer\":{\"@type\":\"Answer\",\"text\":\"The obvious drawback of free hookups without payments is that you don't get anything in return. But there are other potential issues as well. The quality of the hookups may not be very good, since people who are looking for free hookups are typically not as choosy. There's a higher risk of getting scammed or meeting someone who's not really interested in a sexual relationship. So if you're looking for a no-strings-attached fling, free hookups without payments may be the way to go - but be prepared for some disappointment.\"}}]}<\/script><\/p>\n<h4>\u00bfCu\u00e1les son los beneficios de las conexiones gratuitas sin pagos?<\/h4>\n<p>Los beneficios de las conexiones gratuitas sin pagos son bastante claros: puedes tener relaciones sexuales sin gastar dinero. Pero tambi\u00e9n hay algunos otros beneficios que vale la pena mencionar. Las conexiones gratuitas hacen que sea f\u00e1cil encontrar a alguien con quien tener sitios de chat de conexi\u00f3n sin sexo: no tiene que pasar por la molestia de tratar de encontrar a alguien que est\u00e9 interesado en una relaci\u00f3n seria. Las conexiones gratuitas pueden ayudarlo a explorar su sexualidad y probar cosas nuevas: si no est\u00e1 seguro de lo que le gusta en la cama, las conexiones gratuitas pueden ayudarlo a resolverlo. Las conexiones gratuitas pueden ser una excelente manera de conocer gente nueva y hacer nuevos amigos.<\/p>\n<h4>\u00bfCu\u00e1les son los inconvenientes de las conexiones gratuitas sin pagos?<\/h4>\n<p>El inconveniente obvio de las conexiones gratuitas sin pagos es que no obtienes nada a cambio. Pero tambi\u00e9n hay otros problemas potenciales. La calidad de las conexiones puede no ser muy buena, ya que las personas que buscan conexiones gratuitas generalmente no son tan exigentes. Existe un mayor riesgo de ser estafado o conocer a alguien que no est\u00e1 realmente interesado en una relaci\u00f3n sexual. Entonces, si est\u00e1 buscando una aventura sin ataduras, las conexiones gratuitas sin pagos pueden ser el camino a seguir, pero prep\u00e1rese para alguna decepci\u00f3n.<\/p>\n","protected":false},"excerpt":{"rendered":"<p>Sitios de citas gratuitos sin registro Si est\u00e1 buscando un sitio de citas gratuito que ofrezca un servicio confiable y lo conecte con personas solteras que viven en su \u00e1rea,<\/p>\n<div class=\"read-more\"><a class=\"theme-btn\" href=\"https:\/\/besudesuabroad.com\/es\/\" >READ MORE<\/a><\/div>\n","protected":false},"author":1,"featured_media":99,"parent":0,"menu_order":0,"comment_status":"closed","ping_status":"closed","template":"","meta":[],"yoast_head":"<!-- This site is optimized with the Yoast SEO plugin v17.7.1 - https:\/\/yoast.com\/wordpress\/plugins\/seo\/ -->\n<title>Conexiones gratuitas sin pagos - Abroad Dating Hookups<\/title>\n<meta name=\"robots\" content=\"index, follow, max-snippet:-1, max-image-preview:large, max-video-preview:-1\" \/>\n<link rel=\"canonical\" href=\"https:\/\/besudesuabroad.com\/es\/\" \/>\n<meta property=\"og:locale\" content=\"es_ES\" \/>\n<meta property=\"og:type\" content=\"article\" \/>\n<meta property=\"og:title\" content=\"Conexiones gratuitas sin pagos - Abroad Dating Hookups\" \/>\n<meta property=\"og:description\" content=\"Sitios de citas gratuitos sin registro Si est\u00e1 buscando un sitio de citas gratuito que ofrezca un servicio confiable y lo conecte con personas solteras que viven en su \u00e1rea,READ MORE\" \/>\n<meta property=\"og:url\" content=\"https:\/\/besudesuabroad.com\/es\/\" \/>\n<meta property=\"og:site_name\" content=\"Abroad Dating Hookups\" \/>\n<meta property=\"article:modified_time\" content=\"2022-11-28T11:44:49+00:00\" \/>\n<meta property=\"og:image\" content=\"http:\/\/besudesuabroad.com\/wp-content\/uploads\/2022\/10\/sex-guide.jpeg\" \/>\n\t<meta property=\"og:image:width\" content=\"2250\" \/>\n\t<meta property=\"og:image:height\" content=\"1500\" \/>\n<meta name=\"twitter:card\" content=\"summary_large_image\" \/>\n<meta name=\"twitter:label1\" content=\"Tiempo de lectura\" \/>\n\t<meta name=\"twitter:data1\" content=\"5 minutos\" \/>\n<script type=\"application\/ld+json\" class=\"yoast-schema-graph\">{\"@context\":\"https:\/\/schema.org\",\"@graph\":[{\"@type\":\"WebSite\",\"@id\":\"http:\/\/besudesuabroad.com\/es\/#website\",\"url\":\"http:\/\/besudesuabroad.com\/es\/\",\"name\":\"Abroad Dating Hookups\",\"description\":\"Adult Sex Finder\",\"potentialAction\":[{\"@type\":\"SearchAction\",\"target\":{\"@type\":\"EntryPoint\",\"urlTemplate\":\"http:\/\/besudesuabroad.com\/es\/?s={search_term_string}\"},\"query-input\":\"required name=search_term_string\"}],\"inLanguage\":\"es\"},{\"@type\":\"ImageObject\",\"@id\":\"https:\/\/besudesuabroad.com\/es\/#primaryimage\",\"inLanguage\":\"es\",\"url\":\"https:\/\/besudesuabroad.com\/wp-content\/uploads\/2022\/10\/sex-guide.jpeg\",\"contentUrl\":\"https:\/\/besudesuabroad.com\/wp-content\/uploads\/2022\/10\/sex-guide.jpeg\",\"width\":2250,\"height\":1500},{\"@type\":\"WebPage\",\"@id\":\"https:\/\/besudesuabroad.com\/es\/#webpage\",\"url\":\"https:\/\/besudesuabroad.com\/es\/\",\"name\":\"Conexiones gratuitas sin pagos - Abroad Dating Hookups\",\"isPartOf\":{\"@id\":\"http:\/\/besudesuabroad.com\/es\/#website\"},\"primaryImageOfPage\":{\"@id\":\"https:\/\/besudesuabroad.com\/es\/#primaryimage\"},\"datePublished\":\"2022-10-24T17:22:21+00:00\",\"dateModified\":\"2022-11-28T11:44:49+00:00\",\"breadcrumb\":{\"@id\":\"https:\/\/besudesuabroad.com\/es\/#breadcrumb\"},\"inLanguage\":\"es\",\"potentialAction\":[{\"@type\":\"ReadAction\",\"target\":[\"https:\/\/besudesuabroad.com\/es\/\"]}]},{\"@type\":\"BreadcrumbList\",\"@id\":\"https:\/\/besudesuabroad.com\/es\/#breadcrumb\",\"itemListElement\":[{\"@type\":\"ListItem\",\"position\":1,\"name\":\"Home\",\"item\":\"http:\/\/besudesuabroad.com\/es\/\"},{\"@type\":\"ListItem\",\"position\":2,\"name\":\"Conexiones gratuitas sin pagos\"}]}]}<\/script>\n<!-- \/ Yoast SEO plugin. -->","yoast_head_json":{"title":"Conexiones gratuitas sin pagos - Abroad Dating Hookups","robots":{"index":"index","follow":"follow","max-snippet":"max-snippet:-1","max-image-preview":"max-image-preview:large","max-video-preview":"max-video-preview:-1"},"canonical":"https:\/\/besudesuabroad.com\/es\/","og_locale":"es_ES","og_type":"article","og_title":"Conexiones gratuitas sin pagos - Abroad Dating Hookups","og_description":"Sitios de citas gratuitos sin registro Si est\u00e1 buscando un sitio de citas gratuito que ofrezca un servicio confiable y lo conecte con personas solteras que viven en su \u00e1rea,READ MORE","og_url":"https:\/\/besudesuabroad.com\/es\/","og_site_name":"Abroad Dating Hookups","article_modified_time":"2022-11-28T11:44:49+00:00","og_image":[{"width":2250,"height":1500,"url":"http:\/\/besudesuabroad.com\/wp-content\/uploads\/2022\/10\/sex-guide.jpeg","type":"image\/jpeg"}],"twitter_card":"summary_large_image","twitter_misc":{"Tiempo de lectura":"5 minutos"},"schema":{"@context":"https:\/\/schema.org","@graph":[{"@type":"WebSite","@id":"http:\/\/besudesuabroad.com\/es\/#website","url":"http:\/\/besudesuabroad.com\/es\/","name":"Abroad Dating Hookups","description":"Adult Sex Finder","potentialAction":[{"@type":"SearchAction","target":{"@type":"EntryPoint","urlTemplate":"http:\/\/besudesuabroad.com\/es\/?s={search_term_string}"},"query-input":"required name=search_term_string"}],"inLanguage":"es"},{"@type":"ImageObject","@id":"https:\/\/besudesuabroad.com\/es\/#primaryimage","inLanguage":"es","url":"https:\/\/besudesuabroad.com\/wp-content\/uploads\/2022\/10\/sex-guide.jpeg","contentUrl":"https:\/\/besudesuabroad.com\/wp-content\/uploads\/2022\/10\/sex-guide.jpeg","width":2250,"height":1500},{"@type":"WebPage","@id":"https:\/\/besudesuabroad.com\/es\/#webpage","url":"https:\/\/besudesuabroad.com\/es\/","name":"Conexiones gratuitas sin pagos - Abroad Dating Hookups","isPartOf":{"@id":"http:\/\/besudesuabroad.com\/es\/#website"},"primaryImageOfPage":{"@id":"https:\/\/besudesuabroad.com\/es\/#primaryimage"},"datePublished":"2022-10-24T17:22:21+00:00","dateModified":"2022-11-28T11:44:49+00:00","breadcrumb":{"@id":"https:\/\/besudesuabroad.com\/es\/#breadcrumb"},"inLanguage":"es","potentialAction":[{"@type":"ReadAction","target":["https:\/\/besudesuabroad.com\/es\/"]}]},{"@type":"BreadcrumbList","@id":"https:\/\/besudesuabroad.com\/es\/#breadcrumb","itemListElement":[{"@type":"ListItem","position":1,"name":"Home","item":"http:\/\/besudesuabroad.com\/es\/"},{"@type":"ListItem","position":2,"name":"Conexiones gratuitas sin pagos"}]}]}},"_links":{"self":[{"href":"https:\/\/besudesuabroad.com\/es\/wp-json\/wp\/v2\/pages\/110"}],"collection":[{"href":"https:\/\/besudesuabroad.com\/es\/wp-json\/wp\/v2\/pages"}],"about":[{"href":"https:\/\/besudesuabroad.com\/es\/wp-json\/wp\/v2\/types\/page"}],"author":[{"embeddable":true,"href":"https:\/\/besudesuabroad.com\/es\/wp-json\/wp\/v2\/users\/1"}],"replies":[{"embeddable":true,"href":"https:\/\/besudesuabroad.com\/es\/wp-json\/wp\/v2\/comments?post=110"}],"version-history":[{"count":1,"href":"https:\/\/besudesuabroad.com\/es\/wp-json\/wp\/v2\/pages\/110\/revisions"}],"predecessor-version":[{"id":253,"href":"https:\/\/besudesuabroad.com\/es\/wp-json\/wp\/v2\/pages\/110\/revisions\/253"}],"wp:featuredmedia":[{"embeddable":true,"href":"https:\/\/besudesuabroad.com\/es\/wp-json\/wp\/v2\/media\/99"}],"wp:attachment":[{"href":"https:\/\/besudesuabroad.com\/es\/wp-json\/wp\/v2\/media?parent=110"}],"curies":[{"name":"wp","href":"https:\/\/api.w.org\/{rel}","templated":true}]}}