{"id":115,"date":"2022-10-24T18:22:21","date_gmt":"2022-10-24T17:22:21","guid":{"rendered":"http:\/\/besudesuabroad.com\/gratis-tilslutninger-ingen-betalinger\/"},"modified":"2022-11-28T11:53:56","modified_gmt":"2022-11-28T11:53:56","slug":"gratis-tilslutninger-ingen-betalinger","status":"publish","type":"page","link":"https:\/\/besudesuabroad.com\/da\/","title":{"rendered":"Gratis tilslutninger Ingen betalinger"},"content":{"rendered":"<h2>Gratis datingsider Ingen tilmelding<\/h2>\n<p>Hvis du leder efter en gratis datingside, der tilbyder p\u00e5lidelig service og forbinder <a href=\"http:\/\/www.bestedatingsites.org\/seks-in-de-buurt\/\">seks in de buurt<\/a> dig med enlige mennesker, der bor i dit omr\u00e5de, b\u00f8r du helt sikkert tjekke Gratis tilslutninger ingen betalinger. Denne datingside er 100% gratis, og det er et af de bedste websteder derude for singler, der leder efter afslappede tilslutninger. Du beh\u00f8ver ikke bekymre dig om at blive snydt p\u00e5 dette websted, fordi det er helt gratis, og der er ingen skjulte gebyrer.<\/p>\n<p>Plus, du kan chatte med andre singler p\u00e5 webstedet uden at skulle betale noget. S\u00e5 hvis du leder efter et gratis datingside, der ikke kr\u00e6ver et kreditkort eller betaling, s\u00e5 er Free Hookups No Payments bestemt stedet for dig.<\/p>\n<h2>Gratis tilslutninger Ingen betalinger<\/h2>\n<p>Hookup-apps er den nye \u00e6ra af dating, hvor du kan finde nogen til et afslappet m\u00f8de uden nogen bindinger.  <\/p>\n<p>Det bedste ved tilslutningsapps er, at du kan bruge dem gratis. Du beh\u00f8ver ikke at indtaste dine kreditkortoplysninger eller lignende. Bare download appen og begynd at stryge.<\/p>\n<p>Der er mange forskellige tilslutningsapps derude <a href=\"https:\/\/www.seksdate-nl.com\/sex-advertenties\/\">sex advertenties<\/a>, men ikke alle er gode. Vi har testet alle de store og samlet vores resultater her.  <\/p>\n<p>Her er vores bedste valg til de bedste gratis tilslutningsapps lige nu:  <\/p>\n<p>1) Tinder: Tinder er en af de mest popul\u00e6re tilslutningsapps derude.<\/p>\n<p>Det er nemt at bruge, og du kan begynde at chatte med folk p\u00e5 f\u00e5 minutter.  <\/p>\n<p>2) Grindr: Grindr er en homoseksuel dating-app, der har eksisteret i \u00e5revis.<\/p>\n<p>Det har en enorm brugerbase, og du kan finde nogen at tilslutte sig med blot et par klik.  <\/p>\n<p>3) Bumble: Bumble er en datingapp, der s\u00e6tter kvinder i kontrol.<\/p>\n<p>Hvis du vil chatte med kvinder, er dette appen til dig.<\/p>\n<h2>Tilslutning websteder Intet kreditkort<\/h2>\n<p>Der er en r\u00e6kke tilslutningswebsteder, der ikke kr\u00e6ver betalings- eller kreditkortoplysninger. Disse websteder giver dig mulighed for at finde folk at tilslutte dig uden at skulle bekymre dig om at blive snydt. De kr\u00e6ver heller ikke, at du indtaster \u00f8konomiske oplysninger, s\u00e5 du kan v\u00e6re sikker p\u00e5, at din identitet og personlige oplysninger forbliver sikre.<\/p>\n<h3>100 kr., Kj\u00e6r &amp; Sommerfeld<\/h3>\n<p>Vi synes, at Ashley Madison er en fantastisk datingapp til &#8220;gratis tilslutninger ingen betalinger&#8221;. Det er en fantastisk m\u00e5de at m\u00f8de nye mennesker og have det sjovt.<\/p>\n<p>Vi synes ogs\u00e5, at det er en fantastisk m\u00e5de at finde afslappede sexpartnere p\u00e5. Vi anbefaler, at alle brugere af Ashley Madison er forsigtige og er sikre, n\u00e5r de m\u00f8der nye mennesker.<\/p>\n<h3>Sammen2Night<\/h3>\n<p>Together2Night er en fantastisk online dating app til at finde gratis tilslutninger uden betalinger. Appen har en meget brugervenlig gr\u00e6nseflade og g\u00f8r det nemt at finde folk i dit omr\u00e5de, der leder efter det samme som dig. Jeg havde en fantastisk oplevelse med at bruge appen og vil bestemt anbefale den til alle, der leder efter en uforpligtende tilslutning.<\/p>\n<h3>Lovoo<\/h3>\n<p>Vi mener, at Lovoo er et godt sted at finde gratis tilslutninger uden <a href=\"http:\/\/www.treffisivusto.com\">treffi sivustot<\/a> at skulle foretage betalinger. Webstedet er let at bruge og har mange brugere, hvilket g\u00f8r det til et godt sted at finde nogen at tilslutte sig.<\/p>\n<p>Vi kan ogs\u00e5 godt lide det faktum, at der ikke er nogen gebyrer forbundet med at bruge webstedet &#8211; du kan blot tilmelde dig og begynde at lede efter nogen at date eller tilslutte dig. Vi synes, at Lovoo er en god mulighed for dem, der leder efter afslappet dating eller tilslutninger, og vi vil bestemt anbefale det til alle, der leder efter en uforpligtende type forhold.<\/p>\n<h3>BoneAMilf<\/h3>\n<p>BoneAMilf er en fantastisk online dating app til at finde gratis tilslutninger uden betalinger. Appen er nem at bruge og har mange medlemmer, hvilket g\u00f8r den til et godt valg for dem, der leder efter afslappede tilslutninger. Appen er ogs\u00e5 helt gratis at bruge, hvilket g\u00f8r den til et godt valg for dem med et budget.<\/p>\n<p><script type=\"application\/ld+json\">{\"@context\":\"https:\/\/schema.org\",\"@type\":\"FAQPage\",\"mainEntity\":[{\"@type\":\"Question\",\"name\":\"What are the benefits of free hookups without payments?\",\"acceptedAnswer\":{\"@type\":\"Answer\",\"text\":\"The benefits of free hookups without payments are pretty clear: you get to have sex without spending any money. But there are a few other benefits worth mentioning, too. Free hookups make it easy to find someone to have sex with \\u2013 you don't have to go through the hassle of trying to find someone who's interested in a serious relationship. Free hookups can help you explore your sexuality and try new things \\u2013 if you're not sure what you like in bed, free hookups can help you figure it out. Free hookups can be a great way to meet new people and make new friends.\"}},{\"@type\":\"Question\",\"name\":\"What are the drawbacks of free hookups without payments?\",\"acceptedAnswer\":{\"@type\":\"Answer\",\"text\":\"The obvious drawback of free hookups without payments is that you don't get anything in return. But there are other potential issues as well. The quality of the hookups may not be very good, since people who are looking for free hookups are typically not as choosy. There's a higher risk of getting scammed or meeting someone who's not really interested in a sexual relationship. So if you're looking for a no-strings-attached fling, free hookups without payments may be the way to go - but be prepared for some disappointment.\"}}]}<\/script><\/p>\n<h4>Hvad er fordelene ved gratis tilslutninger uden betalinger?<\/h4>\n<p>Fordelene ved gratis tilslutninger uden betalinger er ret klare: du f\u00e5r sex uden at bruge penge. Men der er ogs\u00e5 et par andre fordele, der er v\u00e6rd at n\u00e6vne. Gratis tilslutninger g\u00f8r det nemt at finde nogen at have sexfri tilslutningschatsider med &#8211; du beh\u00f8ver ikke at g\u00e5 igennem besv\u00e6ret med at pr\u00f8ve at finde nogen, der er interesseret i et seri\u00f8st forhold. Gratis tilslutninger kan hj\u00e6lpe dig med at udforske din seksualitet og pr\u00f8ve nye ting &#8211; hvis du ikke er sikker p\u00e5, hvad du kan lide i sengen, kan gratis tilslutninger hj\u00e6lpe dig med at finde ud af det. Gratis tilslutninger kan v\u00e6re en fantastisk m\u00e5de at m\u00f8de nye mennesker og f\u00e5 nye venner p\u00e5.<\/p>\n<h4>Hvad er ulemperne ved gratis tilslutninger uden betalinger?<\/h4>\n<p>Den \u00e5benlyse ulempe ved gratis tilslutninger uden betalinger er, at du ikke f\u00e5r noget til geng\u00e6ld. Men der er ogs\u00e5 andre potentielle problemer. Kvaliteten af tilslutningerne er m\u00e5ske ikke s\u00e6rlig god, da folk, der leder efter gratis tilslutninger, typisk ikke er s\u00e5 kr\u00e6sne. Der er en h\u00f8jere risiko for at blive snydt eller m\u00f8de nogen, der ikke rigtig er interesseret i et seksuelt forhold. S\u00e5 hvis du leder efter en uforpligtende fling, kan gratis tilslutninger uden betalinger v\u00e6re vejen at g\u00e5 &#8211; men v\u00e6r forberedt p\u00e5 en vis skuffelse.<\/p>\n","protected":false},"excerpt":{"rendered":"<p>Gratis datingsider Ingen tilmelding Hvis du leder efter en gratis datingside, der tilbyder p\u00e5lidelig service og forbinder seks in de buurt dig med enlige mennesker, der bor i dit omr\u00e5de,<\/p>\n<div class=\"read-more\"><a class=\"theme-btn\" href=\"https:\/\/besudesuabroad.com\/da\/\" >READ MORE<\/a><\/div>\n","protected":false},"author":1,"featured_media":93,"parent":0,"menu_order":0,"comment_status":"closed","ping_status":"closed","template":"","meta":[],"yoast_head":"<!-- This site is optimized with the Yoast SEO plugin v17.7.1 - https:\/\/yoast.com\/wordpress\/plugins\/seo\/ -->\n<title>Gratis tilslutninger Ingen betalinger - Abroad Dating Hookups<\/title>\n<meta name=\"robots\" content=\"index, follow, max-snippet:-1, max-image-preview:large, max-video-preview:-1\" \/>\n<link rel=\"canonical\" href=\"https:\/\/besudesuabroad.com\/da\/\" \/>\n<meta property=\"og:locale\" content=\"da_DK\" \/>\n<meta property=\"og:type\" content=\"article\" \/>\n<meta property=\"og:title\" content=\"Gratis tilslutninger Ingen betalinger - Abroad Dating Hookups\" \/>\n<meta property=\"og:description\" content=\"Gratis datingsider Ingen tilmelding Hvis du leder efter en gratis datingside, der tilbyder p\u00e5lidelig service og forbinder seks in de buurt dig med enlige mennesker, der bor i dit omr\u00e5de,READ MORE\" \/>\n<meta property=\"og:url\" content=\"https:\/\/besudesuabroad.com\/da\/\" \/>\n<meta property=\"og:site_name\" content=\"Abroad Dating Hookups\" \/>\n<meta property=\"article:modified_time\" content=\"2022-11-28T11:53:56+00:00\" \/>\n<meta property=\"og:image\" content=\"https:\/\/besudesuabroad.com\/wp-content\/uploads\/2022\/10\/sex-guide.jpeg\" \/>\n\t<meta property=\"og:image:width\" content=\"2250\" \/>\n\t<meta property=\"og:image:height\" content=\"1500\" \/>\n<meta name=\"twitter:card\" content=\"summary_large_image\" \/>\n<meta name=\"twitter:label1\" content=\"Estimeret l\u00e6setid\" \/>\n\t<meta name=\"twitter:data1\" content=\"5 minutter\" \/>\n<script type=\"application\/ld+json\" class=\"yoast-schema-graph\">{\"@context\":\"https:\/\/schema.org\",\"@graph\":[{\"@type\":\"WebSite\",\"@id\":\"http:\/\/besudesuabroad.com\/da\/#website\",\"url\":\"http:\/\/besudesuabroad.com\/da\/\",\"name\":\"Abroad Dating Hookups\",\"description\":\"Adult Sex Finder\",\"potentialAction\":[{\"@type\":\"SearchAction\",\"target\":{\"@type\":\"EntryPoint\",\"urlTemplate\":\"http:\/\/besudesuabroad.com\/da\/?s={search_term_string}\"},\"query-input\":\"required name=search_term_string\"}],\"inLanguage\":\"da-DK\"},{\"@type\":\"ImageObject\",\"@id\":\"https:\/\/besudesuabroad.com\/da\/#primaryimage\",\"inLanguage\":\"da-DK\",\"url\":\"https:\/\/besudesuabroad.com\/wp-content\/uploads\/2022\/10\/sex-guide.jpeg\",\"contentUrl\":\"https:\/\/besudesuabroad.com\/wp-content\/uploads\/2022\/10\/sex-guide.jpeg\",\"width\":2250,\"height\":1500},{\"@type\":\"WebPage\",\"@id\":\"https:\/\/besudesuabroad.com\/da\/#webpage\",\"url\":\"https:\/\/besudesuabroad.com\/da\/\",\"name\":\"Gratis tilslutninger Ingen betalinger - Abroad Dating Hookups\",\"isPartOf\":{\"@id\":\"http:\/\/besudesuabroad.com\/da\/#website\"},\"primaryImageOfPage\":{\"@id\":\"https:\/\/besudesuabroad.com\/da\/#primaryimage\"},\"datePublished\":\"2022-10-24T17:22:21+00:00\",\"dateModified\":\"2022-11-28T11:53:56+00:00\",\"breadcrumb\":{\"@id\":\"https:\/\/besudesuabroad.com\/da\/#breadcrumb\"},\"inLanguage\":\"da-DK\",\"potentialAction\":[{\"@type\":\"ReadAction\",\"target\":[\"https:\/\/besudesuabroad.com\/da\/\"]}]},{\"@type\":\"BreadcrumbList\",\"@id\":\"https:\/\/besudesuabroad.com\/da\/#breadcrumb\",\"itemListElement\":[{\"@type\":\"ListItem\",\"position\":1,\"name\":\"Home\",\"item\":\"https:\/\/besudesuabroad.com\/da\/\"},{\"@type\":\"ListItem\",\"position\":2,\"name\":\"Gratis tilslutninger Ingen betalinger\"}]}]}<\/script>\n<!-- \/ Yoast SEO plugin. -->","yoast_head_json":{"title":"Gratis tilslutninger Ingen betalinger - Abroad Dating Hookups","robots":{"index":"index","follow":"follow","max-snippet":"max-snippet:-1","max-image-preview":"max-image-preview:large","max-video-preview":"max-video-preview:-1"},"canonical":"https:\/\/besudesuabroad.com\/da\/","og_locale":"da_DK","og_type":"article","og_title":"Gratis tilslutninger Ingen betalinger - Abroad Dating Hookups","og_description":"Gratis datingsider Ingen tilmelding Hvis du leder efter en gratis datingside, der tilbyder p\u00e5lidelig service og forbinder seks in de buurt dig med enlige mennesker, der bor i dit omr\u00e5de,READ MORE","og_url":"https:\/\/besudesuabroad.com\/da\/","og_site_name":"Abroad Dating Hookups","article_modified_time":"2022-11-28T11:53:56+00:00","og_image":[{"width":2250,"height":1500,"url":"https:\/\/besudesuabroad.com\/wp-content\/uploads\/2022\/10\/sex-guide.jpeg","type":"image\/jpeg"}],"twitter_card":"summary_large_image","twitter_misc":{"Estimeret l\u00e6setid":"5 minutter"},"schema":{"@context":"https:\/\/schema.org","@graph":[{"@type":"WebSite","@id":"http:\/\/besudesuabroad.com\/da\/#website","url":"http:\/\/besudesuabroad.com\/da\/","name":"Abroad Dating Hookups","description":"Adult Sex Finder","potentialAction":[{"@type":"SearchAction","target":{"@type":"EntryPoint","urlTemplate":"http:\/\/besudesuabroad.com\/da\/?s={search_term_string}"},"query-input":"required name=search_term_string"}],"inLanguage":"da-DK"},{"@type":"ImageObject","@id":"https:\/\/besudesuabroad.com\/da\/#primaryimage","inLanguage":"da-DK","url":"https:\/\/besudesuabroad.com\/wp-content\/uploads\/2022\/10\/sex-guide.jpeg","contentUrl":"https:\/\/besudesuabroad.com\/wp-content\/uploads\/2022\/10\/sex-guide.jpeg","width":2250,"height":1500},{"@type":"WebPage","@id":"https:\/\/besudesuabroad.com\/da\/#webpage","url":"https:\/\/besudesuabroad.com\/da\/","name":"Gratis tilslutninger Ingen betalinger - Abroad Dating Hookups","isPartOf":{"@id":"http:\/\/besudesuabroad.com\/da\/#website"},"primaryImageOfPage":{"@id":"https:\/\/besudesuabroad.com\/da\/#primaryimage"},"datePublished":"2022-10-24T17:22:21+00:00","dateModified":"2022-11-28T11:53:56+00:00","breadcrumb":{"@id":"https:\/\/besudesuabroad.com\/da\/#breadcrumb"},"inLanguage":"da-DK","potentialAction":[{"@type":"ReadAction","target":["https:\/\/besudesuabroad.com\/da\/"]}]},{"@type":"BreadcrumbList","@id":"https:\/\/besudesuabroad.com\/da\/#breadcrumb","itemListElement":[{"@type":"ListItem","position":1,"name":"Home","item":"https:\/\/besudesuabroad.com\/da\/"},{"@type":"ListItem","position":2,"name":"Gratis tilslutninger Ingen betalinger"}]}]}},"_links":{"self":[{"href":"https:\/\/besudesuabroad.com\/da\/wp-json\/wp\/v2\/pages\/115"}],"collection":[{"href":"https:\/\/besudesuabroad.com\/da\/wp-json\/wp\/v2\/pages"}],"about":[{"href":"https:\/\/besudesuabroad.com\/da\/wp-json\/wp\/v2\/types\/page"}],"author":[{"embeddable":true,"href":"https:\/\/besudesuabroad.com\/da\/wp-json\/wp\/v2\/users\/1"}],"replies":[{"embeddable":true,"href":"https:\/\/besudesuabroad.com\/da\/wp-json\/wp\/v2\/comments?post=115"}],"version-history":[{"count":1,"href":"https:\/\/besudesuabroad.com\/da\/wp-json\/wp\/v2\/pages\/115\/revisions"}],"predecessor-version":[{"id":256,"href":"https:\/\/besudesuabroad.com\/da\/wp-json\/wp\/v2\/pages\/115\/revisions\/256"}],"wp:featuredmedia":[{"embeddable":true,"href":"https:\/\/besudesuabroad.com\/da\/wp-json\/wp\/v2\/media\/93"}],"wp:attachment":[{"href":"https:\/\/besudesuabroad.com\/da\/wp-json\/wp\/v2\/media?parent=115"}],"curies":[{"name":"wp","href":"https:\/\/api.w.org\/{rel}","templated":true}]}}