{"id":113,"date":"2022-10-24T18:22:21","date_gmt":"2022-10-24T17:22:21","guid":{"rendered":"http:\/\/besudesuabroad.com\/bezplatne-pripojeni-zadne-platby\/"},"modified":"2022-10-24T18:22:21","modified_gmt":"2022-10-24T17:22:21","slug":"bezplatne-pripojeni-zadne-platby","status":"publish","type":"page","link":"https:\/\/besudesuabroad.com\/cs\/","title":{"rendered":"Bezplatn\u00e9 p\u0159ipojen\u00ed \u017d\u00e1dn\u00e9 platby"},"content":{"rendered":"<h2>Seznamovac\u00ed str\u00e1nky zdarma NeRegistrovat se<\/h2>\n<p>Pokud hled\u00e1te bezplatnou seznamku, kter\u00e1 nab\u00edz\u00ed spolehliv\u00e9 slu\u017eby a spojuje v\u00e1s se svobodn\u00fdmi lidmi, kte\u0159\u00ed \u017eij\u00ed ve va\u0161\u00ed oblasti, pak byste se m\u011bli ur\u010dit\u011b pod\u00edvat na Bezplatn\u00e9 p\u0159ipojen\u00ed Bez plateb. Tato seznamka je 100% zdarma a je to jedna z nejlep\u0161\u00edch str\u00e1nek pro nezadan\u00e9, kte\u0159\u00ed hledaj\u00ed p\u0159\u00edle\u017eitostn\u00e9 p\u0159ipojen\u00ed. Nemus\u00edte se ob\u00e1vat, \u017ee byste byli na tomto webu podvedeni, proto\u017ee je zcela zdarma a neexistuj\u00ed \u017e\u00e1dn\u00e9 skryt\u00e9 poplatky.<\/p>\n<p>Nav\u00edc m\u016f\u017eete chatovat s ostatn\u00edmi nezadan\u00fdmi na webu, ani\u017e byste museli cokoli platit. Tak\u017ee pokud hled\u00e1te bezplatnou seznamku, kter\u00e1 nevy\u017eaduje kreditn\u00ed kartu ani platbu, pak Free Hookups No Payments je ur\u010dit\u011b m\u00edsto pro v\u00e1s.<\/p>\n<h2>Bezplatn\u00e9 p\u0159ipojen\u00ed \u017d\u00e1dn\u00e9 platby<\/h2>\n<p>Aplikace pro p\u0159ipojen\u00ed jsou novou \u00e9rou datov\u00e1n\u00ed, kde m\u016f\u017eete naj\u00edt n\u011bkoho pro p\u0159\u00edle\u017eitostn\u00e9 setk\u00e1n\u00ed bez p\u0159ipojen\u00fdch \u0159et\u011bzc\u016f.  <\/p>\n<p>Nejlep\u0161\u00ed na tom je, \u017ee je m\u016f\u017eete pou\u017e\u00edvat zdarma. Nemus\u00edte zad\u00e1vat informace o sv\u00e9 kreditn\u00ed kart\u011b ani nic podobn\u00e9ho. Sta\u010d\u00ed st\u00e1hnout aplikaci a za\u010d\u00edt p\u0159ej\u00ed\u017ed\u011bt prstem.<\/p>\n<p>Existuje mnoho r\u016fzn\u00fdch aplikac\u00ed pro p\u0159ipojen\u00ed, ale ne v\u0161echny jsou dobr\u00e9. Otestovali jsme v\u0161echny hlavn\u00ed a sestavili na\u0161e zji\u0161t\u011bn\u00ed zde.  <\/p>\n<p>Zde jsou na\u0161e nejlep\u0161\u00ed tipy pro nejlep\u0161\u00ed bezplatn\u00e9 aplikace pro p\u0159ipojen\u00ed pr\u00e1v\u011b te\u010f:  <\/p>\n<p>1) Tinder: Tinder je jednou z nejpopul\u00e1rn\u011bj\u0161\u00edch aplikac\u00ed pro p\u0159ipojen\u00ed.<\/p>\n<p>Snadno se pou\u017e\u00edv\u00e1 a m\u016f\u017eete za\u010d\u00edt chatovat s lidmi b\u011bhem n\u011bkolika minut.  <\/p>\n<p>2) Grindr: Grindr je gay seznamovac\u00ed aplikace, kter\u00e1 je ji\u017e l\u00e9ta.<\/p>\n<p>M\u00e1 obrovskou u\u017eivatelskou z\u00e1kladnu a m\u016f\u017eete naj\u00edt n\u011bkoho, s k\u00fdm se m\u016f\u017eete spojit b\u011bhem n\u011bkolika kliknut\u00ed.  <\/p>\n<p>3) Bumble: Bumble je seznamovac\u00ed aplikace, kter\u00e1 d\u00e1v\u00e1 \u017een\u00e1m kontrolu.<\/p>\n<p>Pokud chcete chatovat se \u017eenami, je to aplikace pro v\u00e1s.<\/p>\n<h2>P\u0159ipojovac\u00ed str\u00e1nky Bez kreditn\u00ed karty<\/h2>\n<p>Existuje \u0159ada p\u0159ipojovac\u00edch web\u016f, kter\u00e9 nevy\u017eaduj\u00ed platbu ani informace o kreditn\u00ed kart\u011b. Tyto str\u00e1nky v\u00e1m umo\u017e\u0148uj\u00ed naj\u00edt lidi, se kter\u00fdmi se m\u016f\u017eete spojit, ani\u017e byste se museli ob\u00e1vat, \u017ee budou podvedeni. Tak\u00e9 nevy\u017eaduj\u00ed, abyste zadali \u017e\u00e1dn\u00e9 finan\u010dn\u00ed informace, tak\u017ee si m\u016f\u017eete b\u00fdt jisti, \u017ee va\u0161e identita a osobn\u00ed \u00fadaje z\u016fstanou v bezpe\u010d\u00ed.<\/p>\n<h3>Ashley Madisonov\u00e1<\/h3>\n<p>Mysl\u00edme si, \u017ee Ashley Madison je skv\u011bl\u00e1 seznamovac\u00ed aplikace pro &#8222;bezplatn\u00e9 p\u0159ipojen\u00ed bez plateb&#8220;. Je to skv\u011bl\u00fd zp\u016fsob, jak poznat nov\u00e9 lidi a bavit se.<\/p>\n<p>Tak\u00e9 si mysl\u00edme, \u017ee je to skv\u011bl\u00fd zp\u016fsob, jak naj\u00edt p\u0159\u00edle\u017eitostn\u00e9 sexu\u00e1ln\u00ed partnery. Doporu\u010dujeme, aby v\u0161ichni u\u017eivatel\u00e9 Ashley Madison byli opatrn\u00ed a byli v bezpe\u010d\u00ed p\u0159i setk\u00e1n\u00ed s nov\u00fdmi lidmi.<\/p>\n<h3>Spole\u010dn\u011b2Noce<\/h3>\n<p>Together2Night je skv\u011bl\u00e1 online seznamovac\u00ed aplikace pro hled\u00e1n\u00ed bezplatn\u00fdch p\u0159ipojen\u00ed bez plateb. Aplikace m\u00e1 velmi u\u017eivatelsky p\u0159\u00edv\u011btiv\u00e9 rozhran\u00ed a usnad\u0148uje nalezen\u00ed lid\u00ed ve va\u0161\u00ed oblasti, kte\u0159\u00ed hledaj\u00ed stejnou v\u011bc jako vy. M\u011bl jsem skv\u011bl\u00e9 zku\u0161enosti s pou\u017e\u00edv\u00e1n\u00edm aplikace a ur\u010dit\u011b bych ji doporu\u010dil ka\u017ed\u00e9mu, kdo hled\u00e1 p\u0159ipojen\u00ed bez z\u00e1vazk\u016f.<\/p>\n<h3>Lovoo<\/h3>\n<p>V\u011b\u0159\u00edme, \u017ee Lovoo je skv\u011bl\u00e9 m\u00edsto pro nalezen\u00ed bezplatn\u00fdch p\u0159ipojen\u00ed, ani\u017e byste museli prov\u00e1d\u011bt jak\u00e9koli platby. Str\u00e1nka se snadno pou\u017e\u00edv\u00e1 a m\u00e1 mnoho u\u017eivatel\u016f, co\u017e z n\u00ed \u010din\u00ed skv\u011bl\u00e9 m\u00edsto, kde najdete n\u011bkoho, s k\u00fdm se m\u016f\u017eete spojit.<\/p>\n<p>L\u00edb\u00ed se n\u00e1m tak\u00e9 skute\u010dnost, \u017ee s pou\u017e\u00edv\u00e1n\u00edm webu nejsou spojeny \u017e\u00e1dn\u00e9 poplatky &#8211; m\u016f\u017eete se jednodu\u0161e zaregistrovat a za\u010d\u00edt hledat n\u011bkoho, s k\u00fdm byste mohli randit nebo se s n\u00edm spojit. Mysl\u00edme si, \u017ee Lovoo je skv\u011bl\u00e1 volba pro ty, kte\u0159\u00ed hledaj\u00ed p\u0159\u00edle\u017eitostn\u00e9 datov\u00e1n\u00ed nebo p\u0159ipojen\u00ed, a ur\u010dit\u011b bychom ji doporu\u010dili ka\u017ed\u00e9mu, kdo hled\u00e1 typ vztahu bez z\u00e1vazk\u016f.<\/p>\n<h3>BoneAMilf<\/h3>\n<p>BoneAMilf je skv\u011bl\u00e1 online seznamovac\u00ed aplikace pro hled\u00e1n\u00ed bezplatn\u00fdch p\u0159ipojen\u00ed bez plateb. Aplikace se snadno pou\u017e\u00edv\u00e1 a m\u00e1 mnoho \u010dlen\u016f, co\u017e z n\u00ed \u010din\u00ed skv\u011blou volbu pro ty, kte\u0159\u00ed hledaj\u00ed p\u0159\u00edle\u017eitostn\u00e9 p\u0159ipojen\u00ed. Aplikace je tak\u00e9 zcela zdarma k pou\u017eit\u00ed, co\u017e z n\u00ed \u010din\u00ed skv\u011blou volbu pro ty, kte\u0159\u00ed maj\u00ed rozpo\u010det.<\/p>\n<p><script type=\"application\/ld+json\">{\"@context\":\"https:\/\/schema.org\",\"@type\":\"FAQPage\",\"mainEntity\":[{\"@type\":\"Question\",\"name\":\"What are the benefits of free hookups without payments?\",\"acceptedAnswer\":{\"@type\":\"Answer\",\"text\":\"The benefits of free hookups without payments are pretty clear: you get to have sex without spending any money. But there are a few other benefits worth mentioning, too. Free hookups make it easy to find someone to have sex with \\u2013 you don't have to go through the hassle of trying to find someone who's interested in a serious relationship. Free hookups can help you explore your sexuality and try new things \\u2013 if you're not sure what you like in bed, free hookups can help you figure it out. Free hookups can be a great way to meet new people and make new friends.\"}},{\"@type\":\"Question\",\"name\":\"What are the drawbacks of free hookups without payments?\",\"acceptedAnswer\":{\"@type\":\"Answer\",\"text\":\"The obvious drawback of free hookups without payments is that you don't get anything in return. But there are other potential issues as well. The quality of the hookups may not be very good, since people who are looking for free hookups are typically not as choosy. There's a higher risk of getting scammed or meeting someone who's not really interested in a sexual relationship. So if you're looking for a no-strings-attached fling, free hookups without payments may be the way to go - but be prepared for some disappointment.\"}}]}<\/script><\/p>\n<h4>Jak\u00e9 jsou v\u00fdhody bezplatn\u00fdch p\u0159ipojen\u00ed bez plateb?<\/h4>\n<p>V\u00fdhody bezplatn\u00fdch p\u0159ipojen\u00ed bez plateb jsou docela jasn\u00e9: m\u016f\u017eete m\u00edt sex, ani\u017e byste utr\u00e1celi pen\u00edze. Existuje v\u0161ak i n\u011bkolik dal\u0161\u00edch v\u00fdhod, kter\u00e9 stoj\u00ed za zm\u00ednku. Bezplatn\u00e9 p\u0159ipojen\u00ed usnad\u0148uje nalezen\u00ed n\u011bkoho, s k\u00fdm byste mohli m\u00edt chatovac\u00ed str\u00e1nky bez sexu &#8211; nemus\u00edte proch\u00e1zet pot\u00ed\u017eemi s hled\u00e1n\u00edm n\u011bkoho, kdo m\u00e1 z\u00e1jem o v\u00e1\u017en\u00fd vztah. Bezplatn\u00e9 p\u0159ipojen\u00ed v\u00e1m m\u016f\u017ee pomoci prozkoumat va\u0161i sexualitu a vyzkou\u0161et nov\u00e9 v\u011bci &#8211; pokud si nejste jisti, co se v\u00e1m l\u00edb\u00ed v posteli, bezplatn\u00e9 p\u0159ipojen\u00ed v\u00e1m m\u016f\u017ee pomoci zjistit. Bezplatn\u00e9 p\u0159ipojen\u00ed m\u016f\u017ee b\u00fdt skv\u011bl\u00fd zp\u016fsob, jak poznat nov\u00e9 lidi a z\u00edskat nov\u00e9 p\u0159\u00e1tele.<\/p>\n<h4>Jak\u00e9 jsou nev\u00fdhody bezplatn\u00fdch p\u0159ipojen\u00ed bez plateb?<\/h4>\n<p>Z\u0159ejmou nev\u00fdhodou bezplatn\u00fdch p\u0159ipojen\u00ed bez plateb je, \u017ee na opl\u00e1tku nedostanete nic. Existuj\u00ed v\u0161ak i dal\u0161\u00ed potenci\u00e1ln\u00ed probl\u00e9my. Kvalita p\u0159ipojen\u00ed nemus\u00ed b\u00fdt p\u0159\u00edli\u0161 dobr\u00e1, proto\u017ee lid\u00e9, kte\u0159\u00ed hledaj\u00ed bezplatn\u00e9 p\u0159ipojen\u00ed, obvykle nejsou tak vyb\u00edrav\u00ed. Existuje vy\u0161\u0161\u00ed riziko, \u017ee se dostanete podvedeni nebo se setk\u00e1te s n\u011bk\u00fdm, kdo se ve skute\u010dnosti nezaj\u00edm\u00e1 o sexu\u00e1ln\u00ed vztah. Tak\u017ee pokud hled\u00e1te bezv\u00e1zkov\u00fd fling, bezplatn\u00e9 p\u0159ipojen\u00ed bez plateb m\u016f\u017ee b\u00fdt zp\u016fsob, jak j\u00edt &#8211; ale bu\u010fte p\u0159ipraveni na n\u011bjak\u00e9 zklam\u00e1n\u00ed.<\/p>\n","protected":false},"excerpt":{"rendered":"<p>Seznamovac\u00ed str\u00e1nky zdarma NeRegistrovat se Pokud hled\u00e1te bezplatnou seznamku, kter\u00e1 nab\u00edz\u00ed spolehliv\u00e9 slu\u017eby a spojuje v\u00e1s se svobodn\u00fdmi lidmi, kte\u0159\u00ed \u017eij\u00ed ve va\u0161\u00ed oblasti, pak byste se m\u011bli ur\u010dit\u011b pod\u00edvat<\/p>\n<div class=\"read-more\"><a class=\"theme-btn\" href=\"https:\/\/besudesuabroad.com\/cs\/\" >READ MORE<\/a><\/div>\n","protected":false},"author":1,"featured_media":92,"parent":0,"menu_order":0,"comment_status":"closed","ping_status":"closed","template":"","meta":[],"yoast_head":"<!-- This site is optimized with the Yoast SEO plugin v17.7.1 - https:\/\/yoast.com\/wordpress\/plugins\/seo\/ -->\n<title>Bezplatn\u00e9 p\u0159ipojen\u00ed \u017d\u00e1dn\u00e9 platby - Abroad Dating Hookups<\/title>\n<meta name=\"robots\" content=\"index, follow, max-snippet:-1, max-image-preview:large, max-video-preview:-1\" \/>\n<link rel=\"canonical\" href=\"https:\/\/besudesuabroad.com\/cs\/\" \/>\n<meta property=\"og:locale\" content=\"cs_CZ\" \/>\n<meta property=\"og:type\" content=\"article\" \/>\n<meta property=\"og:title\" content=\"Bezplatn\u00e9 p\u0159ipojen\u00ed \u017d\u00e1dn\u00e9 platby - Abroad Dating Hookups\" \/>\n<meta property=\"og:description\" content=\"Seznamovac\u00ed str\u00e1nky zdarma NeRegistrovat se Pokud hled\u00e1te bezplatnou seznamku, kter\u00e1 nab\u00edz\u00ed spolehliv\u00e9 slu\u017eby a spojuje v\u00e1s se svobodn\u00fdmi lidmi, kte\u0159\u00ed \u017eij\u00ed ve va\u0161\u00ed oblasti, pak byste se m\u011bli ur\u010dit\u011b pod\u00edvatREAD MORE\" \/>\n<meta property=\"og:url\" content=\"https:\/\/besudesuabroad.com\/cs\/\" \/>\n<meta property=\"og:site_name\" content=\"Abroad Dating Hookups\" \/>\n<meta property=\"og:image\" content=\"https:\/\/besudesuabroad.com\/wp-content\/uploads\/2022\/10\/sex-guide.jpeg\" \/>\n\t<meta property=\"og:image:width\" content=\"2250\" \/>\n\t<meta property=\"og:image:height\" content=\"1500\" \/>\n<meta name=\"twitter:card\" content=\"summary_large_image\" \/>\n<meta name=\"twitter:label1\" content=\"Odhadovan\u00e1 doba \u010dten\u00ed\" \/>\n\t<meta name=\"twitter:data1\" content=\"5 minut\" \/>\n<script type=\"application\/ld+json\" class=\"yoast-schema-graph\">{\"@context\":\"https:\/\/schema.org\",\"@graph\":[{\"@type\":\"WebSite\",\"@id\":\"https:\/\/besudesuabroad.com\/cs\/#website\",\"url\":\"https:\/\/besudesuabroad.com\/cs\/\",\"name\":\"Abroad Dating Hookups\",\"description\":\"Adult Sex Finder\",\"potentialAction\":[{\"@type\":\"SearchAction\",\"target\":{\"@type\":\"EntryPoint\",\"urlTemplate\":\"https:\/\/besudesuabroad.com\/cs\/?s={search_term_string}\"},\"query-input\":\"required name=search_term_string\"}],\"inLanguage\":\"cs\"},{\"@type\":\"ImageObject\",\"@id\":\"https:\/\/besudesuabroad.com\/cs\/#primaryimage\",\"inLanguage\":\"cs\",\"url\":\"https:\/\/besudesuabroad.com\/wp-content\/uploads\/2022\/10\/sex-guide.jpeg\",\"contentUrl\":\"https:\/\/besudesuabroad.com\/wp-content\/uploads\/2022\/10\/sex-guide.jpeg\",\"width\":2250,\"height\":1500},{\"@type\":\"WebPage\",\"@id\":\"https:\/\/besudesuabroad.com\/cs\/#webpage\",\"url\":\"https:\/\/besudesuabroad.com\/cs\/\",\"name\":\"Bezplatn\\u00e9 p\\u0159ipojen\\u00ed \\u017d\\u00e1dn\\u00e9 platby - Abroad Dating Hookups\",\"isPartOf\":{\"@id\":\"https:\/\/besudesuabroad.com\/cs\/#website\"},\"primaryImageOfPage\":{\"@id\":\"https:\/\/besudesuabroad.com\/cs\/#primaryimage\"},\"datePublished\":\"2022-10-24T17:22:21+00:00\",\"dateModified\":\"2022-10-24T17:22:21+00:00\",\"breadcrumb\":{\"@id\":\"https:\/\/besudesuabroad.com\/cs\/#breadcrumb\"},\"inLanguage\":\"cs\",\"potentialAction\":[{\"@type\":\"ReadAction\",\"target\":[\"https:\/\/besudesuabroad.com\/cs\/\"]}]},{\"@type\":\"BreadcrumbList\",\"@id\":\"https:\/\/besudesuabroad.com\/cs\/#breadcrumb\",\"itemListElement\":[{\"@type\":\"ListItem\",\"position\":1,\"name\":\"Home\",\"item\":\"https:\/\/besudesuabroad.com\/cs\/\"},{\"@type\":\"ListItem\",\"position\":2,\"name\":\"Bezplatn\\u00e9 p\\u0159ipojen\\u00ed \\u017d\\u00e1dn\\u00e9 platby\"}]}]}<\/script>\n<!-- \/ Yoast SEO plugin. -->","yoast_head_json":{"title":"Bezplatn\u00e9 p\u0159ipojen\u00ed \u017d\u00e1dn\u00e9 platby - Abroad Dating Hookups","robots":{"index":"index","follow":"follow","max-snippet":"max-snippet:-1","max-image-preview":"max-image-preview:large","max-video-preview":"max-video-preview:-1"},"canonical":"https:\/\/besudesuabroad.com\/cs\/","og_locale":"cs_CZ","og_type":"article","og_title":"Bezplatn\u00e9 p\u0159ipojen\u00ed \u017d\u00e1dn\u00e9 platby - Abroad Dating Hookups","og_description":"Seznamovac\u00ed str\u00e1nky zdarma NeRegistrovat se Pokud hled\u00e1te bezplatnou seznamku, kter\u00e1 nab\u00edz\u00ed spolehliv\u00e9 slu\u017eby a spojuje v\u00e1s se svobodn\u00fdmi lidmi, kte\u0159\u00ed \u017eij\u00ed ve va\u0161\u00ed oblasti, pak byste se m\u011bli ur\u010dit\u011b pod\u00edvatREAD MORE","og_url":"https:\/\/besudesuabroad.com\/cs\/","og_site_name":"Abroad Dating Hookups","og_image":[{"width":2250,"height":1500,"url":"https:\/\/besudesuabroad.com\/wp-content\/uploads\/2022\/10\/sex-guide.jpeg","type":"image\/jpeg"}],"twitter_card":"summary_large_image","twitter_misc":{"Odhadovan\u00e1 doba \u010dten\u00ed":"5 minut"},"schema":{"@context":"https:\/\/schema.org","@graph":[{"@type":"WebSite","@id":"https:\/\/besudesuabroad.com\/cs\/#website","url":"https:\/\/besudesuabroad.com\/cs\/","name":"Abroad Dating Hookups","description":"Adult Sex Finder","potentialAction":[{"@type":"SearchAction","target":{"@type":"EntryPoint","urlTemplate":"https:\/\/besudesuabroad.com\/cs\/?s={search_term_string}"},"query-input":"required name=search_term_string"}],"inLanguage":"cs"},{"@type":"ImageObject","@id":"https:\/\/besudesuabroad.com\/cs\/#primaryimage","inLanguage":"cs","url":"https:\/\/besudesuabroad.com\/wp-content\/uploads\/2022\/10\/sex-guide.jpeg","contentUrl":"https:\/\/besudesuabroad.com\/wp-content\/uploads\/2022\/10\/sex-guide.jpeg","width":2250,"height":1500},{"@type":"WebPage","@id":"https:\/\/besudesuabroad.com\/cs\/#webpage","url":"https:\/\/besudesuabroad.com\/cs\/","name":"Bezplatn\u00e9 p\u0159ipojen\u00ed \u017d\u00e1dn\u00e9 platby - Abroad Dating Hookups","isPartOf":{"@id":"https:\/\/besudesuabroad.com\/cs\/#website"},"primaryImageOfPage":{"@id":"https:\/\/besudesuabroad.com\/cs\/#primaryimage"},"datePublished":"2022-10-24T17:22:21+00:00","dateModified":"2022-10-24T17:22:21+00:00","breadcrumb":{"@id":"https:\/\/besudesuabroad.com\/cs\/#breadcrumb"},"inLanguage":"cs","potentialAction":[{"@type":"ReadAction","target":["https:\/\/besudesuabroad.com\/cs\/"]}]},{"@type":"BreadcrumbList","@id":"https:\/\/besudesuabroad.com\/cs\/#breadcrumb","itemListElement":[{"@type":"ListItem","position":1,"name":"Home","item":"https:\/\/besudesuabroad.com\/cs\/"},{"@type":"ListItem","position":2,"name":"Bezplatn\u00e9 p\u0159ipojen\u00ed \u017d\u00e1dn\u00e9 platby"}]}]}},"_links":{"self":[{"href":"https:\/\/besudesuabroad.com\/cs\/wp-json\/wp\/v2\/pages\/113"}],"collection":[{"href":"https:\/\/besudesuabroad.com\/cs\/wp-json\/wp\/v2\/pages"}],"about":[{"href":"https:\/\/besudesuabroad.com\/cs\/wp-json\/wp\/v2\/types\/page"}],"author":[{"embeddable":true,"href":"https:\/\/besudesuabroad.com\/cs\/wp-json\/wp\/v2\/users\/1"}],"replies":[{"embeddable":true,"href":"https:\/\/besudesuabroad.com\/cs\/wp-json\/wp\/v2\/comments?post=113"}],"version-history":[{"count":0,"href":"https:\/\/besudesuabroad.com\/cs\/wp-json\/wp\/v2\/pages\/113\/revisions"}],"wp:featuredmedia":[{"embeddable":true,"href":"https:\/\/besudesuabroad.com\/cs\/wp-json\/wp\/v2\/media\/92"}],"wp:attachment":[{"href":"https:\/\/besudesuabroad.com\/cs\/wp-json\/wp\/v2\/media?parent=113"}],"curies":[{"name":"wp","href":"https:\/\/api.w.org\/{rel}","templated":true}]}}